{"id":8408,"date":"2022-03-03T14:42:45","date_gmt":"2022-03-03T13:42:45","guid":{"rendered":"https:\/\/www.screen-experts.de\/?page_id=8408"},"modified":"2023-05-03T22:14:52","modified_gmt":"2023-05-03T20:14:52","slug":"disclaimer","status":"publish","type":"page","link":"https:\/\/www.screen-experts.de\/en\/disclaimer\/","title":{"rendered":"Disclaimer"},"content":{"rendered":"<div data-elementor-type=\"wp-page\" data-elementor-id=\"8408\" class=\"elementor elementor-8408\" data-elementor-post-type=\"page\">\n\t\t\t\t\t\t<section class=\"elementor-section elementor-top-section elementor-element elementor-element-9d5ce4d elementor-section-full_width elementor-section-height-default elementor-section-height-default\" data-id=\"9d5ce4d\" data-element_type=\"section\" data-e-type=\"section\" id=\"slider\">\n\t\t\t\t\t\t<div class=\"elementor-container elementor-column-gap-default\">\n\t\t\t\t\t<div class=\"elementor-column elementor-col-100 elementor-top-column elementor-element elementor-element-47a124c\" data-id=\"47a124c\" data-element_type=\"column\" data-e-type=\"column\">\n\t\t\t<div class=\"elementor-widget-wrap elementor-element-populated\">\n\t\t\t\t\t\t<div class=\"elementor-element elementor-element-7b00cf8 elementor--h-position-left elementor--v-position-bottom elementor-arrows-position-inside elementor-widget elementor-widget-slides\" data-id=\"7b00cf8\" data-element_type=\"widget\" data-e-type=\"widget\" data-settings=\"{&quot;navigation&quot;:&quot;arrows&quot;,&quot;autoplay&quot;:&quot;yes&quot;,&quot;pause_on_hover&quot;:&quot;yes&quot;,&quot;pause_on_interaction&quot;:&quot;yes&quot;,&quot;autoplay_speed&quot;:5000,&quot;infinite&quot;:&quot;yes&quot;,&quot;transition&quot;:&quot;slide&quot;,&quot;transition_speed&quot;:500}\" data-widget_type=\"slides.default\">\n\t\t\t\t<div class=\"elementor-widget-container\">\n\t\t\t\t\t\t\t\t\t<div class=\"elementor-swiper\">\n\t\t\t\t\t<div class=\"elementor-slides-wrapper elementor-main-swiper swiper\" role=\"region\" aria-roledescription=\"carousel\" aria-label=\"Slider\" dir=\"ltr\" data-animation=\"fadeInUp\">\n\t\t\t\t<div class=\"swiper-wrapper elementor-slides\">\n\t\t\t\t\t\t\t\t\t\t<div class=\"elementor-repeater-item-b0e327d swiper-slide\" role=\"group\" aria-roledescription=\"slide\"><div class=\"swiper-slide-bg\" role=\"img\" aria-label=\"\"><\/div><a class=\"swiper-slide-inner\" href=\"#\"><div class=\"swiper-slide-contents\"><div class=\"elementor-slide-heading\"><span>Screen experts<\/span><br>Disclaimer<\/div><\/div><\/a><\/div>\t\t\t\t<\/div>\n\t\t\t\t\t\t\t<\/div>\n\t\t\t\t<\/div>\n\t\t\t\t\t\t\t\t<\/div>\n\t\t\t\t<\/div>\n\t\t\t\t\t<\/div>\n\t\t<\/div>\n\t\t\t\t\t<\/div>\n\t\t<\/section>\n\t\t\t\t<section class=\"elementor-section elementor-top-section elementor-element elementor-element-d4fe5c5 no-click elementor-section-boxed elementor-section-height-default elementor-section-height-default\" data-id=\"d4fe5c5\" data-element_type=\"section\" data-e-type=\"section\">\n\t\t\t\t\t\t<div class=\"elementor-container elementor-column-gap-default\">\n\t\t\t\t\t<div class=\"elementor-column elementor-col-100 elementor-top-column elementor-element elementor-element-b01079e\" data-id=\"b01079e\" data-element_type=\"column\" data-e-type=\"column\">\n\t\t\t<div class=\"elementor-widget-wrap elementor-element-populated\">\n\t\t\t\t\t\t<div class=\"elementor-element elementor-element-0592829 elementor-absolute no-click elementor-widget elementor-widget-image\" data-id=\"0592829\" data-element_type=\"widget\" data-e-type=\"widget\" data-settings=\"{&quot;_position&quot;:&quot;absolute&quot;}\" data-widget_type=\"image.default\">\n\t\t\t\t<div class=\"elementor-widget-container\">\n\t\t\t\t\t\t\t\t\t\t\t\t\t\t\t<img fetchpriority=\"high\" decoding=\"async\" width=\"1000\" height=\"1000\" src=\"https:\/\/www.screen-experts.de\/wp-content\/uploads\/ScreenExperts_Logo_rund.png\" class=\"attachment-full size-full wp-image-6726\" alt=\"\" srcset=\"https:\/\/www.screen-experts.de\/wp-content\/uploads\/ScreenExperts_Logo_rund.png 1000w, https:\/\/www.screen-experts.de\/wp-content\/uploads\/ScreenExperts_Logo_rund-300x300.png 300w, https:\/\/www.screen-experts.de\/wp-content\/uploads\/ScreenExperts_Logo_rund-150x150.png 150w, https:\/\/www.screen-experts.de\/wp-content\/uploads\/ScreenExperts_Logo_rund-768x768.png 768w\" sizes=\"(max-width: 1000px) 100vw, 1000px\" \/>\t\t\t\t\t\t\t\t\t\t\t\t\t\t\t<\/div>\n\t\t\t\t<\/div>\n\t\t\t\t\t<\/div>\n\t\t<\/div>\n\t\t\t\t\t<\/div>\n\t\t<\/section>\n\t\t\t\t<section class=\"elementor-section elementor-top-section elementor-element elementor-element-c072d31 elementor-section-boxed elementor-section-height-default elementor-section-height-default\" data-id=\"c072d31\" data-element_type=\"section\" data-e-type=\"section\">\n\t\t\t\t\t\t<div class=\"elementor-container elementor-column-gap-default\">\n\t\t\t\t\t<div class=\"elementor-column elementor-col-100 elementor-top-column elementor-element elementor-element-c7ecc27\" data-id=\"c7ecc27\" data-element_type=\"column\" data-e-type=\"column\">\n\t\t\t<div class=\"elementor-widget-wrap elementor-element-populated\">\n\t\t\t\t\t\t<div class=\"elementor-element elementor-element-da47690 elementor-widget elementor-widget-heading\" data-id=\"da47690\" data-element_type=\"widget\" data-e-type=\"widget\" data-widget_type=\"heading.default\">\n\t\t\t\t<div class=\"elementor-widget-container\">\n\t\t\t\t\t<h1 class=\"elementor-heading-title elementor-size-default\">Disclaimer<\/h1>\t\t\t\t<\/div>\n\t\t\t\t<\/div>\n\t\t\t\t<div class=\"elementor-element elementor-element-146335a elementor-widget elementor-widget-heading\" data-id=\"146335a\" data-element_type=\"widget\" data-e-type=\"widget\" data-widget_type=\"heading.default\">\n\t\t\t\t<div class=\"elementor-widget-container\">\n\t\t\t\t\t<h2 class=\"elementor-heading-title elementor-size-default\">Liability for content<\/h2>\t\t\t\t<\/div>\n\t\t\t\t<\/div>\n\t\t\t\t<div class=\"elementor-element elementor-element-b2e0c16 elementor-widget elementor-widget-text-editor\" data-id=\"b2e0c16\" data-element_type=\"widget\" data-e-type=\"widget\" data-widget_type=\"text-editor.default\">\n\t\t\t\t<div class=\"elementor-widget-container\">\n\t\t\t\t\t\t\t\t\t<p>As a service provider, we are responsible for our own content on these pages in accordance with Section 7 (1) TMG (German Telemedia Act) and general legislation. According to \u00a7\u00a7 8 to 10 TMG, however, we as a service provider are not obliged to monitor transmitted or stored third-party information or to investigate circumstances that indicate illegal activity. Obligations to remove or block the use of information in accordance with general legislation remain unaffected by this. However, liability in this respect is only possible from the time of knowledge of a specific infringement. As soon as we become aware of such infringements, we will remove this content immediately.<\/p>\t\t\t\t\t\t\t\t<\/div>\n\t\t\t\t<\/div>\n\t\t\t\t<div class=\"elementor-element elementor-element-d48a0a1 elementor-widget elementor-widget-heading\" data-id=\"d48a0a1\" data-element_type=\"widget\" data-e-type=\"widget\" data-widget_type=\"heading.default\">\n\t\t\t\t<div class=\"elementor-widget-container\">\n\t\t\t\t\t<h2 class=\"elementor-heading-title elementor-size-default\">Liability for links<\/h2>\t\t\t\t<\/div>\n\t\t\t\t<\/div>\n\t\t\t\t<div class=\"elementor-element elementor-element-79a67fc elementor-widget elementor-widget-text-editor\" data-id=\"79a67fc\" data-element_type=\"widget\" data-e-type=\"widget\" data-widget_type=\"text-editor.default\">\n\t\t\t\t<div class=\"elementor-widget-container\">\n\t\t\t\t\t\t\t\t\t<p>Our website contains links to external third-party websites over whose content we have no influence. Therefore, we cannot accept any liability for this third-party content. The respective provider or operator of the pages is always responsible for the content of the linked pages. The linked pages were checked for possible legal violations at the time of linking. Illegal content was not recognizable at the time of linking. However, permanent monitoring of the content of the linked pages is not reasonable without concrete evidence of an infringement. If we become aware of any legal infringements, we will remove such links immediately.<\/p>\t\t\t\t\t\t\t\t<\/div>\n\t\t\t\t<\/div>\n\t\t\t\t<div class=\"elementor-element elementor-element-bbc7131 elementor-widget elementor-widget-heading\" data-id=\"bbc7131\" data-element_type=\"widget\" data-e-type=\"widget\" data-widget_type=\"heading.default\">\n\t\t\t\t<div class=\"elementor-widget-container\">\n\t\t\t\t\t<h2 class=\"elementor-heading-title elementor-size-default\">Copyright<\/h2>\t\t\t\t<\/div>\n\t\t\t\t<\/div>\n\t\t\t\t<div class=\"elementor-element elementor-element-ed60df8 elementor-widget elementor-widget-text-editor\" data-id=\"ed60df8\" data-element_type=\"widget\" data-e-type=\"widget\" data-widget_type=\"text-editor.default\">\n\t\t\t\t<div class=\"elementor-widget-container\">\n\t\t\t\t\t\t\t\t\t<p>The content and works created by the site operators on these pages are subject to German copyright law. Duplication, processing, distribution and any kind of exploitation outside the limits of copyright law require the written consent of the respective author or creator. Downloads and copies of this site are only permitted for private, non-commercial use. Insofar as the content on this site was not created by the operator, the copyrights of third parties are respected. In particular, third-party content is identified as such. Should you nevertheless become aware of a copyright infringement, please inform us accordingly. If we become aware of any infringements, we will remove such content immediately.<\/p>\t\t\t\t\t\t\t\t<\/div>\n\t\t\t\t<\/div>\n\t\t\t\t\t<\/div>\n\t\t<\/div>\n\t\t\t\t\t<\/div>\n\t\t<\/section>\n\t\t\t\t<\/div>","protected":false},"excerpt":{"rendered":"<p>Screen expertsHaftungsausschluss Haftungsausschluss Haftung f\u00fcr Inhalte Als Diensteanbieter sind wir gem\u00e4\u00df \u00a7 7 Abs.1 TMG f\u00fcr eigene Inhalte auf diesen Seiten nach den allgemeinen Gesetzen verantwortlich. Nach \u00a7\u00a7 8 bis 10 TMG sind wir als Diensteanbieter jedoch nicht verpflichtet, \u00fcbermittelte oder gespeicherte fremde Informationen zu \u00fcberwachen oder nach Umst\u00e4nden zu forschen, die auf eine rechtswidrige [&hellip;]<\/p>\n","protected":false},"author":9,"featured_media":0,"parent":0,"menu_order":59,"comment_status":"closed","ping_status":"closed","template":"","meta":{"footnotes":""},"folder":[],"class_list":["post-8408","page","type-page","status-publish","hentry"],"yoast_head":"<!-- This site is optimized with the Yoast SEO plugin v27.5 - https:\/\/yoast.com\/product\/yoast-seo-wordpress\/ -->\n<title>Screen Experts | Next Generation Premium Screens<\/title>\n<meta name=\"robots\" content=\"index, follow, max-snippet:-1, max-image-preview:large, max-video-preview:-1\" \/>\n<link rel=\"canonical\" href=\"https:\/\/www.screen-experts.de\/en\/disclaimer\/\" \/>\n<meta property=\"og:locale\" content=\"en_US\" \/>\n<meta property=\"og:type\" content=\"article\" \/>\n<meta property=\"og:title\" content=\"Screen Experts | Next Generation Premium Screens\" \/>\n<meta property=\"og:description\" content=\"Screen expertsHaftungsausschluss Haftungsausschluss Haftung f\u00fcr Inhalte Als Diensteanbieter sind wir gem\u00e4\u00df \u00a7 7 Abs.1 TMG f\u00fcr eigene Inhalte auf diesen Seiten nach den allgemeinen Gesetzen verantwortlich. Nach \u00a7\u00a7 8 bis 10 TMG sind wir als Diensteanbieter jedoch nicht verpflichtet, \u00fcbermittelte oder gespeicherte fremde Informationen zu \u00fcberwachen oder nach Umst\u00e4nden zu forschen, die auf eine rechtswidrige [&hellip;]\" \/>\n<meta property=\"og:url\" content=\"https:\/\/www.screen-experts.de\/en\/disclaimer\/\" \/>\n<meta property=\"og:site_name\" content=\"Screen Experts\" \/>\n<meta property=\"article:modified_time\" content=\"2023-05-03T20:14:52+00:00\" \/>\n<meta property=\"og:image\" content=\"https:\/\/www.screen-experts.de\/wp-content\/uploads\/ScreenExperts_Logo_rund.png\" \/>\n<meta name=\"twitter:card\" content=\"summary_large_image\" \/>\n<meta name=\"twitter:label1\" content=\"Est. reading time\" \/>\n\t<meta name=\"twitter:data1\" content=\"2 minutes\" \/>\n<script type=\"application\/ld+json\" class=\"yoast-schema-graph\">{\"@context\":\"https:\\\/\\\/schema.org\",\"@graph\":[{\"@type\":\"WebPage\",\"@id\":\"https:\\\/\\\/www.screen-experts.de\\\/disclaimer\\\/\",\"url\":\"https:\\\/\\\/www.screen-experts.de\\\/disclaimer\\\/\",\"name\":\"Screen Experts | Next Generation Premium Screens\",\"isPartOf\":{\"@id\":\"https:\\\/\\\/www.screen-experts.de\\\/#website\"},\"primaryImageOfPage\":{\"@id\":\"https:\\\/\\\/www.screen-experts.de\\\/disclaimer\\\/#primaryimage\"},\"image\":{\"@id\":\"https:\\\/\\\/www.screen-experts.de\\\/disclaimer\\\/#primaryimage\"},\"thumbnailUrl\":\"https:\\\/\\\/www.screen-experts.de\\\/wp-content\\\/uploads\\\/ScreenExperts_Logo_rund.png\",\"datePublished\":\"2022-03-03T13:42:45+00:00\",\"dateModified\":\"2023-05-03T20:14:52+00:00\",\"inLanguage\":\"en-US\",\"potentialAction\":[{\"@type\":\"ReadAction\",\"target\":[\"https:\\\/\\\/www.screen-experts.de\\\/disclaimer\\\/\"]}]},{\"@type\":\"ImageObject\",\"inLanguage\":\"en-US\",\"@id\":\"https:\\\/\\\/www.screen-experts.de\\\/disclaimer\\\/#primaryimage\",\"url\":\"https:\\\/\\\/www.screen-experts.de\\\/wp-content\\\/uploads\\\/ScreenExperts_Logo_rund.png\",\"contentUrl\":\"https:\\\/\\\/www.screen-experts.de\\\/wp-content\\\/uploads\\\/ScreenExperts_Logo_rund.png\"},{\"@type\":\"WebSite\",\"@id\":\"https:\\\/\\\/www.screen-experts.de\\\/#website\",\"url\":\"https:\\\/\\\/www.screen-experts.de\\\/\",\"name\":\"Screen Experts\",\"description\":\"LED und LCD Gro\u00dfbildschirme\",\"publisher\":{\"@id\":\"https:\\\/\\\/www.screen-experts.de\\\/#organization\"},\"potentialAction\":[{\"@type\":\"SearchAction\",\"target\":{\"@type\":\"EntryPoint\",\"urlTemplate\":\"https:\\\/\\\/www.screen-experts.de\\\/?s={search_term_string}\"},\"query-input\":{\"@type\":\"PropertyValueSpecification\",\"valueRequired\":true,\"valueName\":\"search_term_string\"}}],\"inLanguage\":\"en-US\"},{\"@type\":\"Organization\",\"@id\":\"https:\\\/\\\/www.screen-experts.de\\\/#organization\",\"name\":\"Screen Experts\",\"url\":\"https:\\\/\\\/www.screen-experts.de\\\/\",\"logo\":{\"@type\":\"ImageObject\",\"inLanguage\":\"en-US\",\"@id\":\"https:\\\/\\\/www.screen-experts.de\\\/#\\\/schema\\\/logo\\\/image\\\/\",\"url\":\"https:\\\/\\\/www.screen-experts.de\\\/wp-content\\\/uploads\\\/screen-experts-website-logo.png\",\"contentUrl\":\"https:\\\/\\\/www.screen-experts.de\\\/wp-content\\\/uploads\\\/screen-experts-website-logo.png\",\"width\":1237,\"height\":435,\"caption\":\"Screen Experts\"},\"image\":{\"@id\":\"https:\\\/\\\/www.screen-experts.de\\\/#\\\/schema\\\/logo\\\/image\\\/\"}}]}<\/script>\n<!-- \/ Yoast SEO plugin. -->","yoast_head_json":{"title":"Screen Experts | Next Generation Premium Screens","robots":{"index":"index","follow":"follow","max-snippet":"max-snippet:-1","max-image-preview":"max-image-preview:large","max-video-preview":"max-video-preview:-1"},"canonical":"https:\/\/www.screen-experts.de\/en\/disclaimer\/","og_locale":"en_US","og_type":"article","og_title":"Screen Experts | Next Generation Premium Screens","og_description":"Screen expertsHaftungsausschluss Haftungsausschluss Haftung f\u00fcr Inhalte Als Diensteanbieter sind wir gem\u00e4\u00df \u00a7 7 Abs.1 TMG f\u00fcr eigene Inhalte auf diesen Seiten nach den allgemeinen Gesetzen verantwortlich. Nach \u00a7\u00a7 8 bis 10 TMG sind wir als Diensteanbieter jedoch nicht verpflichtet, \u00fcbermittelte oder gespeicherte fremde Informationen zu \u00fcberwachen oder nach Umst\u00e4nden zu forschen, die auf eine rechtswidrige [&hellip;]","og_url":"https:\/\/www.screen-experts.de\/en\/disclaimer\/","og_site_name":"Screen Experts","article_modified_time":"2023-05-03T20:14:52+00:00","og_image":[{"url":"https:\/\/www.screen-experts.de\/wp-content\/uploads\/ScreenExperts_Logo_rund.png","type":"","width":"","height":""}],"twitter_card":"summary_large_image","twitter_misc":{"Est. reading time":"2 minutes"},"schema":{"@context":"https:\/\/schema.org","@graph":[{"@type":"WebPage","@id":"https:\/\/www.screen-experts.de\/disclaimer\/","url":"https:\/\/www.screen-experts.de\/disclaimer\/","name":"Screen Experts | Next Generation Premium Screens","isPartOf":{"@id":"https:\/\/www.screen-experts.de\/#website"},"primaryImageOfPage":{"@id":"https:\/\/www.screen-experts.de\/disclaimer\/#primaryimage"},"image":{"@id":"https:\/\/www.screen-experts.de\/disclaimer\/#primaryimage"},"thumbnailUrl":"https:\/\/www.screen-experts.de\/wp-content\/uploads\/ScreenExperts_Logo_rund.png","datePublished":"2022-03-03T13:42:45+00:00","dateModified":"2023-05-03T20:14:52+00:00","inLanguage":"en-US","potentialAction":[{"@type":"ReadAction","target":["https:\/\/www.screen-experts.de\/disclaimer\/"]}]},{"@type":"ImageObject","inLanguage":"en-US","@id":"https:\/\/www.screen-experts.de\/disclaimer\/#primaryimage","url":"https:\/\/www.screen-experts.de\/wp-content\/uploads\/ScreenExperts_Logo_rund.png","contentUrl":"https:\/\/www.screen-experts.de\/wp-content\/uploads\/ScreenExperts_Logo_rund.png"},{"@type":"WebSite","@id":"https:\/\/www.screen-experts.de\/#website","url":"https:\/\/www.screen-experts.de\/","name":"Screen Experts","description":"LED und LCD Gro\u00dfbildschirme","publisher":{"@id":"https:\/\/www.screen-experts.de\/#organization"},"potentialAction":[{"@type":"SearchAction","target":{"@type":"EntryPoint","urlTemplate":"https:\/\/www.screen-experts.de\/?s={search_term_string}"},"query-input":{"@type":"PropertyValueSpecification","valueRequired":true,"valueName":"search_term_string"}}],"inLanguage":"en-US"},{"@type":"Organization","@id":"https:\/\/www.screen-experts.de\/#organization","name":"Screen Experts","url":"https:\/\/www.screen-experts.de\/","logo":{"@type":"ImageObject","inLanguage":"en-US","@id":"https:\/\/www.screen-experts.de\/#\/schema\/logo\/image\/","url":"https:\/\/www.screen-experts.de\/wp-content\/uploads\/screen-experts-website-logo.png","contentUrl":"https:\/\/www.screen-experts.de\/wp-content\/uploads\/screen-experts-website-logo.png","width":1237,"height":435,"caption":"Screen Experts"},"image":{"@id":"https:\/\/www.screen-experts.de\/#\/schema\/logo\/image\/"}}]}},"_links":{"self":[{"href":"https:\/\/www.screen-experts.de\/en\/wp-json\/wp\/v2\/pages\/8408","targetHints":{"allow":["GET"]}}],"collection":[{"href":"https:\/\/www.screen-experts.de\/en\/wp-json\/wp\/v2\/pages"}],"about":[{"href":"https:\/\/www.screen-experts.de\/en\/wp-json\/wp\/v2\/types\/page"}],"author":[{"embeddable":true,"href":"https:\/\/www.screen-experts.de\/en\/wp-json\/wp\/v2\/users\/9"}],"replies":[{"embeddable":true,"href":"https:\/\/www.screen-experts.de\/en\/wp-json\/wp\/v2\/comments?post=8408"}],"version-history":[{"count":9,"href":"https:\/\/www.screen-experts.de\/en\/wp-json\/wp\/v2\/pages\/8408\/revisions"}],"predecessor-version":[{"id":12692,"href":"https:\/\/www.screen-experts.de\/en\/wp-json\/wp\/v2\/pages\/8408\/revisions\/12692"}],"wp:attachment":[{"href":"https:\/\/www.screen-experts.de\/en\/wp-json\/wp\/v2\/media?parent=8408"}],"wp:term":[{"taxonomy":"folder","embeddable":true,"href":"https:\/\/www.screen-experts.de\/en\/wp-json\/wp\/v2\/folder?post=8408"}],"curies":[{"name":"wp","href":"https:\/\/api.w.org\/{rel}","templated":true}]}}