{"id":8404,"date":"2022-03-03T14:41:28","date_gmt":"2022-03-03T13:41:28","guid":{"rendered":"https:\/\/www.screen-experts.de\/?page_id=8404"},"modified":"2026-05-12T16:26:33","modified_gmt":"2026-05-12T14:26:33","slug":"impressum","status":"publish","type":"page","link":"https:\/\/www.screen-experts.de\/en\/impressum\/","title":{"rendered":"Legal Notice"},"content":{"rendered":"<div data-elementor-type=\"wp-page\" data-elementor-id=\"8404\" class=\"elementor elementor-8404\" data-elementor-post-type=\"page\">\n\t\t\t\t\t\t<section class=\"elementor-section elementor-top-section elementor-element elementor-element-9d5ce4d elementor-section-full_width elementor-section-height-default elementor-section-height-default\" data-id=\"9d5ce4d\" data-element_type=\"section\" data-e-type=\"section\" id=\"slider\">\n\t\t\t\t\t\t<div class=\"elementor-container elementor-column-gap-default\">\n\t\t\t\t\t<div class=\"elementor-column elementor-col-100 elementor-top-column elementor-element elementor-element-47a124c\" data-id=\"47a124c\" data-element_type=\"column\" data-e-type=\"column\">\n\t\t\t<div class=\"elementor-widget-wrap elementor-element-populated\">\n\t\t\t\t\t\t<div class=\"elementor-element elementor-element-7b00cf8 elementor--h-position-left elementor--v-position-bottom elementor-arrows-position-inside elementor-widget elementor-widget-slides\" data-id=\"7b00cf8\" data-element_type=\"widget\" data-e-type=\"widget\" data-settings=\"{&quot;navigation&quot;:&quot;arrows&quot;,&quot;autoplay&quot;:&quot;yes&quot;,&quot;pause_on_hover&quot;:&quot;yes&quot;,&quot;pause_on_interaction&quot;:&quot;yes&quot;,&quot;autoplay_speed&quot;:5000,&quot;infinite&quot;:&quot;yes&quot;,&quot;transition&quot;:&quot;slide&quot;,&quot;transition_speed&quot;:500}\" data-widget_type=\"slides.default\">\n\t\t\t\t<div class=\"elementor-widget-container\">\n\t\t\t\t\t\t\t\t\t<div class=\"elementor-swiper\">\n\t\t\t\t\t<div class=\"elementor-slides-wrapper elementor-main-swiper swiper\" role=\"region\" aria-roledescription=\"carousel\" aria-label=\"Slider\" dir=\"ltr\" data-animation=\"fadeInUp\">\n\t\t\t\t<div class=\"swiper-wrapper elementor-slides\">\n\t\t\t\t\t\t\t\t\t\t<div class=\"elementor-repeater-item-b0e327d swiper-slide\" role=\"group\" aria-roledescription=\"slide\"><div class=\"swiper-slide-bg\" role=\"img\" aria-label=\"\"><\/div><a class=\"swiper-slide-inner\" href=\"#\"><div class=\"swiper-slide-contents\"><div class=\"elementor-slide-heading\"><span>Screen experts<\/span><br>Legal Notice<\/div><\/div><\/a><\/div>\t\t\t\t<\/div>\n\t\t\t\t\t\t\t<\/div>\n\t\t\t\t<\/div>\n\t\t\t\t\t\t\t\t<\/div>\n\t\t\t\t<\/div>\n\t\t\t\t\t<\/div>\n\t\t<\/div>\n\t\t\t\t\t<\/div>\n\t\t<\/section>\n\t\t\t\t<section class=\"elementor-section elementor-top-section elementor-element elementor-element-d4fe5c5 no-click elementor-section-boxed elementor-section-height-default elementor-section-height-default\" data-id=\"d4fe5c5\" data-element_type=\"section\" data-e-type=\"section\">\n\t\t\t\t\t\t<div class=\"elementor-container elementor-column-gap-default\">\n\t\t\t\t\t<div class=\"elementor-column elementor-col-100 elementor-top-column elementor-element elementor-element-b01079e\" data-id=\"b01079e\" data-element_type=\"column\" data-e-type=\"column\">\n\t\t\t<div class=\"elementor-widget-wrap elementor-element-populated\">\n\t\t\t\t\t\t<div class=\"elementor-element elementor-element-0592829 elementor-absolute no-click elementor-widget elementor-widget-image\" data-id=\"0592829\" data-element_type=\"widget\" data-e-type=\"widget\" data-settings=\"{&quot;_position&quot;:&quot;absolute&quot;}\" data-widget_type=\"image.default\">\n\t\t\t\t<div class=\"elementor-widget-container\">\n\t\t\t\t\t\t\t\t\t\t\t\t\t\t\t<img fetchpriority=\"high\" decoding=\"async\" width=\"1000\" height=\"1000\" src=\"https:\/\/www.screen-experts.de\/wp-content\/uploads\/ScreenExperts_Logo_rund.png\" class=\"attachment-full size-full wp-image-6726\" alt=\"\" srcset=\"https:\/\/www.screen-experts.de\/wp-content\/uploads\/ScreenExperts_Logo_rund.png 1000w, https:\/\/www.screen-experts.de\/wp-content\/uploads\/ScreenExperts_Logo_rund-300x300.png 300w, https:\/\/www.screen-experts.de\/wp-content\/uploads\/ScreenExperts_Logo_rund-150x150.png 150w, https:\/\/www.screen-experts.de\/wp-content\/uploads\/ScreenExperts_Logo_rund-768x768.png 768w\" sizes=\"(max-width: 1000px) 100vw, 1000px\" \/>\t\t\t\t\t\t\t\t\t\t\t\t\t\t\t<\/div>\n\t\t\t\t<\/div>\n\t\t\t\t\t<\/div>\n\t\t<\/div>\n\t\t\t\t\t<\/div>\n\t\t<\/section>\n\t\t\t\t<section class=\"elementor-section elementor-top-section elementor-element elementor-element-4729f86 elementor-section-boxed elementor-section-height-default elementor-section-height-default\" data-id=\"4729f86\" data-element_type=\"section\" data-e-type=\"section\">\n\t\t\t\t\t\t<div class=\"elementor-container elementor-column-gap-default\">\n\t\t\t\t\t<div class=\"elementor-column elementor-col-50 elementor-top-column elementor-element elementor-element-04c092e\" data-id=\"04c092e\" data-element_type=\"column\" data-e-type=\"column\">\n\t\t\t<div class=\"elementor-widget-wrap elementor-element-populated\">\n\t\t\t\t\t\t<div class=\"elementor-element elementor-element-daae0cb elementor-widget elementor-widget-text-editor\" data-id=\"daae0cb\" data-element_type=\"widget\" data-e-type=\"widget\" data-widget_type=\"text-editor.default\">\n\t\t\t\t<div class=\"elementor-widget-container\">\n\t\t\t\t\t\t\t\t\t<p><strong>Information according to \u00a7 5 DDG:<\/strong><\/p><p>Screen Experts GmbH<br \/>Eulerstra\u00dfe 15<br \/>48155 M\u00fcnster<\/p><p>Commercial register: HRB 16172<br \/>M\u00fcnster Local Court<\/p><p>Managing directors: Werner D\u00f6ker, Tobias Kick<\/p><p>Editorially responsible:<\/p><p>Werner D\u00f6ker, CEO: <br \/><a href=\"mailto:sales@screen-experts.de\">sales@screen-experts.de<\/a><\/p>\t\t\t\t\t\t\t\t<\/div>\n\t\t\t\t<\/div>\n\t\t\t\t\t<\/div>\n\t\t<\/div>\n\t\t\t\t<div class=\"elementor-column elementor-col-50 elementor-top-column elementor-element elementor-element-1d59ba6\" data-id=\"1d59ba6\" data-element_type=\"column\" data-e-type=\"column\">\n\t\t\t<div class=\"elementor-widget-wrap elementor-element-populated\">\n\t\t\t\t\t\t<div class=\"elementor-element elementor-element-eb7efea elementor-widget elementor-widget-text-editor\" data-id=\"eb7efea\" data-element_type=\"widget\" data-e-type=\"widget\" data-widget_type=\"text-editor.default\">\n\t\t\t\t<div class=\"elementor-widget-container\">\n\t\t\t\t\t\t\t\t\t<p>Phone: 0049 (0) 251 \u2013 590 80 640<br \/>Fax: 0049 (0) 251 \u2013 590 80 64-99<br \/>Email: <a href=\"mailto:sales@screen-experts.de\">sales@screen-experts.de<\/a><\/p><p>Tax number: 336\/5725\/6910<\/p><p class=\"xmsonormal\">USTID\/VAT-Number: DE 307911615<\/p><p>WEEE-Reg.-Nr. DE 42115974<\/p>\t\t\t\t\t\t\t\t<\/div>\n\t\t\t\t<\/div>\n\t\t\t\t\t<\/div>\n\t\t<\/div>\n\t\t\t\t\t<\/div>\n\t\t<\/section>\n\t\t\t\t<section class=\"elementor-section elementor-top-section elementor-element elementor-element-d8818bb elementor-section-boxed elementor-section-height-default elementor-section-height-default\" data-id=\"d8818bb\" data-element_type=\"section\" data-e-type=\"section\">\n\t\t\t\t\t\t<div class=\"elementor-container elementor-column-gap-default\">\n\t\t\t\t\t<div class=\"elementor-column elementor-col-100 elementor-top-column elementor-element elementor-element-b8c863d\" data-id=\"b8c863d\" data-element_type=\"column\" data-e-type=\"column\">\n\t\t\t<div class=\"elementor-widget-wrap elementor-element-populated\">\n\t\t\t\t\t\t<div class=\"elementor-element elementor-element-8628793 elementor-widget elementor-widget-text-editor\" data-id=\"8628793\" data-element_type=\"widget\" data-e-type=\"widget\" data-widget_type=\"text-editor.default\">\n\t\t\t\t<div class=\"elementor-widget-container\">\n\t\t\t\t\t\t\t\t\t<p>Information on the fulfillment of the quantitative targets according to \u00a7 10 para. 3 ElektroG (collection rate) and \u00a7 22 para. 1 ElektroG (recycling rates):<br \/>The Ministry for the Environment, Nature Conservation and Nuclear Safety publishes detailed annual data on electrical and electronic equipment and the quantitative targets achieved in Germany and to be submitted to the EU Commission on its website: \"<a href=\"https:\/\/www.bmu.de\/themen\/wasser-abfall-boden\/abfallwirtschaft\/statistiken\/elektro-und-elektronikaltgeraete\/\" target=\"_blank\" rel=\"noopener\">Informations\u00adpflichten gem\u00e4\u00df \u00a7\u00a018 Abs.\u00a02 Elektro- und Elektronik\u00adger\u00e4tegesetz: https:\/\/www.bmu.de\/themen\/wasser-abfall-boden\/abfallwirtschaft\/statistiken\/elektro-und-elektronikaltgeraete\/<\/a>\u201c.<\/p>\t\t\t\t\t\t\t\t<\/div>\n\t\t\t\t<\/div>\n\t\t\t\t\t<\/div>\n\t\t<\/div>\n\t\t\t\t\t<\/div>\n\t\t<\/section>\n\t\t\t\t<\/div>","protected":false},"excerpt":{"rendered":"<p>Screen expertsImpressum Angaben gem\u00e4\u00df \u00a7 5 DDG: Screen Experts GmbHEulerstra\u00dfe 1548155 M\u00fcnster Handelsregister: HRB 16172Amtsgericht M\u00fcnster Gesch\u00e4ftsf\u00fchrer: Werner D\u00f6ker, Tobias Kick Redaktionell verantwortlich: Werner D\u00f6ker, CEO: sales@screen-experts.de Phone: 0049 (0) 251 \u2013 590 80 640Fax: 0049 (0) 251 \u2013 590 80 64-99Email: sales@screen-experts.de Steuernummer: 336\/5725\/6910 USTID\/VAT-Number: DE 307911615 WEEE-Reg.-Nr. DE 42115974 Informationen zur Erf\u00fcllung der [&hellip;]<\/p>\n","protected":false},"author":9,"featured_media":0,"parent":0,"menu_order":58,"comment_status":"closed","ping_status":"closed","template":"","meta":{"footnotes":""},"folder":[],"class_list":["post-8404","page","type-page","status-publish","hentry"],"yoast_head":"<!-- This site is optimized with the Yoast SEO plugin v27.6 - https:\/\/yoast.com\/product\/yoast-seo-wordpress\/ -->\n<title>Screen Experts | Next Generation Premium Screens<\/title>\n<meta name=\"robots\" content=\"index, follow, max-snippet:-1, max-image-preview:large, max-video-preview:-1\" \/>\n<link rel=\"canonical\" href=\"https:\/\/www.screen-experts.de\/en\/impressum\/\" \/>\n<meta property=\"og:locale\" content=\"en_US\" \/>\n<meta property=\"og:type\" content=\"article\" \/>\n<meta property=\"og:title\" content=\"Screen Experts | Next Generation Premium Screens\" \/>\n<meta property=\"og:description\" content=\"Screen expertsImpressum Angaben gem\u00e4\u00df \u00a7 5 DDG: Screen Experts GmbHEulerstra\u00dfe 1548155 M\u00fcnster Handelsregister: HRB 16172Amtsgericht M\u00fcnster Gesch\u00e4ftsf\u00fchrer: Werner D\u00f6ker, Tobias Kick Redaktionell verantwortlich: Werner D\u00f6ker, CEO: sales@screen-experts.de Phone: 0049 (0) 251 \u2013 590 80 640Fax: 0049 (0) 251 \u2013 590 80 64-99Email: sales@screen-experts.de Steuernummer: 336\/5725\/6910 USTID\/VAT-Number: DE 307911615 WEEE-Reg.-Nr. DE 42115974 Informationen zur Erf\u00fcllung der [&hellip;]\" \/>\n<meta property=\"og:url\" content=\"https:\/\/www.screen-experts.de\/en\/impressum\/\" \/>\n<meta property=\"og:site_name\" content=\"Screen Experts\" \/>\n<meta property=\"article:modified_time\" content=\"2026-05-12T14:26:33+00:00\" \/>\n<meta property=\"og:image\" content=\"https:\/\/www.screen-experts.de\/wp-content\/uploads\/ScreenExperts_Logo_rund.png\" \/>\n\t<meta property=\"og:image:width\" content=\"1000\" \/>\n\t<meta property=\"og:image:height\" content=\"1000\" \/>\n\t<meta property=\"og:image:type\" content=\"image\/png\" \/>\n<meta name=\"twitter:card\" content=\"summary_large_image\" \/>\n<meta name=\"twitter:label1\" content=\"Est. reading time\" \/>\n\t<meta name=\"twitter:data1\" content=\"1 minute\" \/>\n<script type=\"application\/ld+json\" class=\"yoast-schema-graph\">{\"@context\":\"https:\\\/\\\/schema.org\",\"@graph\":[{\"@type\":\"WebPage\",\"@id\":\"https:\\\/\\\/www.screen-experts.de\\\/impressum\\\/\",\"url\":\"https:\\\/\\\/www.screen-experts.de\\\/impressum\\\/\",\"name\":\"Screen Experts | Next Generation Premium Screens\",\"isPartOf\":{\"@id\":\"https:\\\/\\\/www.screen-experts.de\\\/#website\"},\"primaryImageOfPage\":{\"@id\":\"https:\\\/\\\/www.screen-experts.de\\\/impressum\\\/#primaryimage\"},\"image\":{\"@id\":\"https:\\\/\\\/www.screen-experts.de\\\/impressum\\\/#primaryimage\"},\"thumbnailUrl\":\"https:\\\/\\\/www.screen-experts.de\\\/wp-content\\\/uploads\\\/ScreenExperts_Logo_rund.png\",\"datePublished\":\"2022-03-03T13:41:28+00:00\",\"dateModified\":\"2026-05-12T14:26:33+00:00\",\"inLanguage\":\"en-US\",\"potentialAction\":[{\"@type\":\"ReadAction\",\"target\":[\"https:\\\/\\\/www.screen-experts.de\\\/impressum\\\/\"]}]},{\"@type\":\"ImageObject\",\"inLanguage\":\"en-US\",\"@id\":\"https:\\\/\\\/www.screen-experts.de\\\/impressum\\\/#primaryimage\",\"url\":\"https:\\\/\\\/www.screen-experts.de\\\/wp-content\\\/uploads\\\/ScreenExperts_Logo_rund.png\",\"contentUrl\":\"https:\\\/\\\/www.screen-experts.de\\\/wp-content\\\/uploads\\\/ScreenExperts_Logo_rund.png\"},{\"@type\":\"WebSite\",\"@id\":\"https:\\\/\\\/www.screen-experts.de\\\/#website\",\"url\":\"https:\\\/\\\/www.screen-experts.de\\\/\",\"name\":\"Screen Experts\",\"description\":\"LED und LCD Gro\u00dfbildschirme\",\"publisher\":{\"@id\":\"https:\\\/\\\/www.screen-experts.de\\\/#organization\"},\"potentialAction\":[{\"@type\":\"SearchAction\",\"target\":{\"@type\":\"EntryPoint\",\"urlTemplate\":\"https:\\\/\\\/www.screen-experts.de\\\/?s={search_term_string}\"},\"query-input\":{\"@type\":\"PropertyValueSpecification\",\"valueRequired\":true,\"valueName\":\"search_term_string\"}}],\"inLanguage\":\"en-US\"},{\"@type\":\"Organization\",\"@id\":\"https:\\\/\\\/www.screen-experts.de\\\/#organization\",\"name\":\"Screen Experts\",\"url\":\"https:\\\/\\\/www.screen-experts.de\\\/\",\"logo\":{\"@type\":\"ImageObject\",\"inLanguage\":\"en-US\",\"@id\":\"https:\\\/\\\/www.screen-experts.de\\\/#\\\/schema\\\/logo\\\/image\\\/\",\"url\":\"https:\\\/\\\/www.screen-experts.de\\\/wp-content\\\/uploads\\\/screen-experts-website-logo.png\",\"contentUrl\":\"https:\\\/\\\/www.screen-experts.de\\\/wp-content\\\/uploads\\\/screen-experts-website-logo.png\",\"width\":1237,\"height\":435,\"caption\":\"Screen Experts\"},\"image\":{\"@id\":\"https:\\\/\\\/www.screen-experts.de\\\/#\\\/schema\\\/logo\\\/image\\\/\"}}]}<\/script>\n<!-- \/ Yoast SEO plugin. -->","yoast_head_json":{"title":"Screen Experts | Next Generation Premium Screens","robots":{"index":"index","follow":"follow","max-snippet":"max-snippet:-1","max-image-preview":"max-image-preview:large","max-video-preview":"max-video-preview:-1"},"canonical":"https:\/\/www.screen-experts.de\/en\/impressum\/","og_locale":"en_US","og_type":"article","og_title":"Screen Experts | Next Generation Premium Screens","og_description":"Screen expertsImpressum Angaben gem\u00e4\u00df \u00a7 5 DDG: Screen Experts GmbHEulerstra\u00dfe 1548155 M\u00fcnster Handelsregister: HRB 16172Amtsgericht M\u00fcnster Gesch\u00e4ftsf\u00fchrer: Werner D\u00f6ker, Tobias Kick Redaktionell verantwortlich: Werner D\u00f6ker, CEO: sales@screen-experts.de Phone: 0049 (0) 251 \u2013 590 80 640Fax: 0049 (0) 251 \u2013 590 80 64-99Email: sales@screen-experts.de Steuernummer: 336\/5725\/6910 USTID\/VAT-Number: DE 307911615 WEEE-Reg.-Nr. DE 42115974 Informationen zur Erf\u00fcllung der [&hellip;]","og_url":"https:\/\/www.screen-experts.de\/en\/impressum\/","og_site_name":"Screen Experts","article_modified_time":"2026-05-12T14:26:33+00:00","og_image":[{"width":1000,"height":1000,"url":"https:\/\/www.screen-experts.de\/wp-content\/uploads\/ScreenExperts_Logo_rund.png","type":"image\/png"}],"twitter_card":"summary_large_image","twitter_misc":{"Est. reading time":"1 minute"},"schema":{"@context":"https:\/\/schema.org","@graph":[{"@type":"WebPage","@id":"https:\/\/www.screen-experts.de\/impressum\/","url":"https:\/\/www.screen-experts.de\/impressum\/","name":"Screen Experts | Next Generation Premium Screens","isPartOf":{"@id":"https:\/\/www.screen-experts.de\/#website"},"primaryImageOfPage":{"@id":"https:\/\/www.screen-experts.de\/impressum\/#primaryimage"},"image":{"@id":"https:\/\/www.screen-experts.de\/impressum\/#primaryimage"},"thumbnailUrl":"https:\/\/www.screen-experts.de\/wp-content\/uploads\/ScreenExperts_Logo_rund.png","datePublished":"2022-03-03T13:41:28+00:00","dateModified":"2026-05-12T14:26:33+00:00","inLanguage":"en-US","potentialAction":[{"@type":"ReadAction","target":["https:\/\/www.screen-experts.de\/impressum\/"]}]},{"@type":"ImageObject","inLanguage":"en-US","@id":"https:\/\/www.screen-experts.de\/impressum\/#primaryimage","url":"https:\/\/www.screen-experts.de\/wp-content\/uploads\/ScreenExperts_Logo_rund.png","contentUrl":"https:\/\/www.screen-experts.de\/wp-content\/uploads\/ScreenExperts_Logo_rund.png"},{"@type":"WebSite","@id":"https:\/\/www.screen-experts.de\/#website","url":"https:\/\/www.screen-experts.de\/","name":"Screen Experts","description":"LED und LCD Gro\u00dfbildschirme","publisher":{"@id":"https:\/\/www.screen-experts.de\/#organization"},"potentialAction":[{"@type":"SearchAction","target":{"@type":"EntryPoint","urlTemplate":"https:\/\/www.screen-experts.de\/?s={search_term_string}"},"query-input":{"@type":"PropertyValueSpecification","valueRequired":true,"valueName":"search_term_string"}}],"inLanguage":"en-US"},{"@type":"Organization","@id":"https:\/\/www.screen-experts.de\/#organization","name":"Screen Experts","url":"https:\/\/www.screen-experts.de\/","logo":{"@type":"ImageObject","inLanguage":"en-US","@id":"https:\/\/www.screen-experts.de\/#\/schema\/logo\/image\/","url":"https:\/\/www.screen-experts.de\/wp-content\/uploads\/screen-experts-website-logo.png","contentUrl":"https:\/\/www.screen-experts.de\/wp-content\/uploads\/screen-experts-website-logo.png","width":1237,"height":435,"caption":"Screen Experts"},"image":{"@id":"https:\/\/www.screen-experts.de\/#\/schema\/logo\/image\/"}}]}},"_links":{"self":[{"href":"https:\/\/www.screen-experts.de\/en\/wp-json\/wp\/v2\/pages\/8404","targetHints":{"allow":["GET"]}}],"collection":[{"href":"https:\/\/www.screen-experts.de\/en\/wp-json\/wp\/v2\/pages"}],"about":[{"href":"https:\/\/www.screen-experts.de\/en\/wp-json\/wp\/v2\/types\/page"}],"author":[{"embeddable":true,"href":"https:\/\/www.screen-experts.de\/en\/wp-json\/wp\/v2\/users\/9"}],"replies":[{"embeddable":true,"href":"https:\/\/www.screen-experts.de\/en\/wp-json\/wp\/v2\/comments?post=8404"}],"version-history":[{"count":45,"href":"https:\/\/www.screen-experts.de\/en\/wp-json\/wp\/v2\/pages\/8404\/revisions"}],"predecessor-version":[{"id":17818,"href":"https:\/\/www.screen-experts.de\/en\/wp-json\/wp\/v2\/pages\/8404\/revisions\/17818"}],"wp:attachment":[{"href":"https:\/\/www.screen-experts.de\/en\/wp-json\/wp\/v2\/media?parent=8404"}],"wp:term":[{"taxonomy":"folder","embeddable":true,"href":"https:\/\/www.screen-experts.de\/en\/wp-json\/wp\/v2\/folder?post=8404"}],"curies":[{"name":"wp","href":"https:\/\/api.w.org\/{rel}","templated":true}]}}