{"id":6957,"date":"2022-01-25T14:23:57","date_gmt":"2022-01-25T13:23:57","guid":{"rendered":"https:\/\/www.screen-experts.de\/?page_id=6957"},"modified":"2025-06-18T11:49:03","modified_gmt":"2025-06-18T09:49:03","slug":"garantie","status":"publish","type":"page","link":"https:\/\/www.screen-experts.de\/en\/kompetenzen\/garantie\/","title":{"rendered":"Warranty"},"content":{"rendered":"<div data-elementor-type=\"wp-page\" data-elementor-id=\"6957\" class=\"elementor elementor-6957\" data-elementor-post-type=\"page\">\n\t\t\t\t\t\t<section class=\"elementor-section elementor-top-section elementor-element elementor-element-9d5ce4d elementor-section-full_width elementor-section-height-default elementor-section-height-default\" data-id=\"9d5ce4d\" data-element_type=\"section\" data-e-type=\"section\" id=\"slider\">\n\t\t\t\t\t\t<div class=\"elementor-container elementor-column-gap-default\">\n\t\t\t\t\t<div class=\"elementor-column elementor-col-100 elementor-top-column elementor-element elementor-element-47a124c\" data-id=\"47a124c\" data-element_type=\"column\" data-e-type=\"column\">\n\t\t\t<div class=\"elementor-widget-wrap elementor-element-populated\">\n\t\t\t\t\t\t<div class=\"elementor-element elementor-element-7b00cf8 elementor--h-position-left elementor--v-position-middle elementor-arrows-position-inside elementor-widget elementor-widget-slides\" data-id=\"7b00cf8\" data-element_type=\"widget\" data-e-type=\"widget\" data-settings=\"{&quot;navigation&quot;:&quot;arrows&quot;,&quot;autoplay&quot;:&quot;yes&quot;,&quot;pause_on_hover&quot;:&quot;yes&quot;,&quot;pause_on_interaction&quot;:&quot;yes&quot;,&quot;autoplay_speed&quot;:5000,&quot;infinite&quot;:&quot;yes&quot;,&quot;transition&quot;:&quot;slide&quot;,&quot;transition_speed&quot;:500}\" data-widget_type=\"slides.default\">\n\t\t\t\t<div class=\"elementor-widget-container\">\n\t\t\t\t\t\t\t\t\t<div class=\"elementor-swiper\">\n\t\t\t\t\t<div class=\"elementor-slides-wrapper elementor-main-swiper swiper\" role=\"region\" aria-roledescription=\"carousel\" aria-label=\"Slider\" dir=\"ltr\" data-animation=\"fadeInUp\">\n\t\t\t\t<div class=\"swiper-wrapper elementor-slides\">\n\t\t\t\t\t\t\t\t\t\t<div class=\"elementor-repeater-item-b0e327d swiper-slide\" role=\"group\" aria-roledescription=\"slide\"><div class=\"swiper-slide-bg\" role=\"img\" aria-label=\"standard-qualitatskontroll-collage-konzept\"><\/div><a class=\"swiper-slide-inner\" href=\"#\"><div class=\"swiper-slide-contents\"><div class=\"elementor-slide-heading\"><span>Screen experts<\/span><br>Warranty<\/div><div class=\"elementor-slide-description\">In one word: safe.<\/div><\/div><\/a><\/div>\t\t\t\t<\/div>\n\t\t\t\t\t\t\t<\/div>\n\t\t\t\t<\/div>\n\t\t\t\t\t\t\t\t<\/div>\n\t\t\t\t<\/div>\n\t\t\t\t\t<\/div>\n\t\t<\/div>\n\t\t\t\t\t<\/div>\n\t\t<\/section>\n\t\t\t\t<section class=\"elementor-section elementor-top-section elementor-element elementor-element-d4fe5c5 no-click elementor-section-boxed elementor-section-height-default elementor-section-height-default\" data-id=\"d4fe5c5\" data-element_type=\"section\" data-e-type=\"section\">\n\t\t\t\t\t\t<div class=\"elementor-container elementor-column-gap-default\">\n\t\t\t\t\t<div class=\"elementor-column elementor-col-100 elementor-top-column elementor-element elementor-element-b01079e\" data-id=\"b01079e\" data-element_type=\"column\" data-e-type=\"column\">\n\t\t\t<div class=\"elementor-widget-wrap elementor-element-populated\">\n\t\t\t\t\t\t<div class=\"elementor-element elementor-element-0592829 elementor-absolute no-click elementor-widget elementor-widget-image\" data-id=\"0592829\" data-element_type=\"widget\" data-e-type=\"widget\" data-settings=\"{&quot;_position&quot;:&quot;absolute&quot;}\" data-widget_type=\"image.default\">\n\t\t\t\t<div class=\"elementor-widget-container\">\n\t\t\t\t\t\t\t\t\t\t\t\t\t\t\t<img fetchpriority=\"high\" decoding=\"async\" width=\"1000\" height=\"1000\" src=\"https:\/\/www.screen-experts.de\/wp-content\/uploads\/ScreenExperts_Logo_rund.png\" class=\"attachment-full size-full wp-image-6726\" alt=\"\" srcset=\"https:\/\/www.screen-experts.de\/wp-content\/uploads\/ScreenExperts_Logo_rund.png 1000w, https:\/\/www.screen-experts.de\/wp-content\/uploads\/ScreenExperts_Logo_rund-300x300.png 300w, https:\/\/www.screen-experts.de\/wp-content\/uploads\/ScreenExperts_Logo_rund-150x150.png 150w, https:\/\/www.screen-experts.de\/wp-content\/uploads\/ScreenExperts_Logo_rund-768x768.png 768w\" sizes=\"(max-width: 1000px) 100vw, 1000px\" \/>\t\t\t\t\t\t\t\t\t\t\t\t\t\t\t<\/div>\n\t\t\t\t<\/div>\n\t\t\t\t\t<\/div>\n\t\t<\/div>\n\t\t\t\t\t<\/div>\n\t\t<\/section>\n\t\t\t\t<section class=\"elementor-section elementor-top-section elementor-element elementor-element-c072d31 elementor-section-boxed elementor-section-height-default elementor-section-height-default\" data-id=\"c072d31\" data-element_type=\"section\" data-e-type=\"section\">\n\t\t\t\t\t\t<div class=\"elementor-container elementor-column-gap-default\">\n\t\t\t\t\t<div class=\"elementor-column elementor-col-50 elementor-top-column elementor-element elementor-element-c7ecc27\" data-id=\"c7ecc27\" data-element_type=\"column\" data-e-type=\"column\">\n\t\t\t<div class=\"elementor-widget-wrap elementor-element-populated\">\n\t\t\t\t\t\t<div class=\"elementor-element elementor-element-b2e0c16 elementor-widget elementor-widget-text-editor\" data-id=\"b2e0c16\" data-element_type=\"widget\" data-e-type=\"widget\" data-widget_type=\"text-editor.default\">\n\t\t\t\t<div class=\"elementor-widget-container\">\n\t\t\t\t\t\t\t\t\t<p>Screen Experts<\/p>\t\t\t\t\t\t\t\t<\/div>\n\t\t\t\t<\/div>\n\t\t\t\t<div class=\"elementor-element elementor-element-da47690 elementor-widget elementor-widget-heading\" data-id=\"da47690\" data-element_type=\"widget\" data-e-type=\"widget\" data-widget_type=\"heading.default\">\n\t\t\t\t<div class=\"elementor-widget-container\">\n\t\t\t\t\t<h2 class=\"elementor-heading-title elementor-size-default\">Warranty<\/h2>\t\t\t\t<\/div>\n\t\t\t\t<\/div>\n\t\t\t\t<div class=\"elementor-element elementor-element-df391fd elementor-icon-list--layout-traditional elementor-list-item-link-full_width elementor-widget elementor-widget-icon-list\" data-id=\"df391fd\" data-element_type=\"widget\" data-e-type=\"widget\" data-widget_type=\"icon-list.default\">\n\t\t\t\t<div class=\"elementor-widget-container\">\n\t\t\t\t\t\t\t<ul class=\"elementor-icon-list-items\">\n\t\t\t\t\t\t\t<li class=\"elementor-icon-list-item\">\n\t\t\t\t\t\t\t\t\t\t\t<span class=\"elementor-icon-list-icon\">\n\t\t\t\t\t\t\t<i aria-hidden=\"true\" class=\"fas fa-circle\"><\/i>\t\t\t\t\t\t<\/span>\n\t\t\t\t\t\t\t\t\t\t<span class=\"elementor-icon-list-text\">5-year manufacturer's warranty on standard products<\/span>\n\t\t\t\t\t\t\t\t\t<\/li>\n\t\t\t\t\t\t\t\t<li class=\"elementor-icon-list-item\">\n\t\t\t\t\t\t\t\t\t\t\t<span class=\"elementor-icon-list-icon\">\n\t\t\t\t\t\t\t<i aria-hidden=\"true\" class=\"fas fa-circle\"><\/i>\t\t\t\t\t\t<\/span>\n\t\t\t\t\t\t\t\t\t\t<span class=\"elementor-icon-list-text\">Long-term availability of spare parts<\/span>\n\t\t\t\t\t\t\t\t\t<\/li>\n\t\t\t\t\t\t\t\t<li class=\"elementor-icon-list-item\">\n\t\t\t\t\t\t\t\t\t\t\t<span class=\"elementor-icon-list-icon\">\n\t\t\t\t\t\t\t<i aria-hidden=\"true\" class=\"fas fa-circle\"><\/i>\t\t\t\t\t\t<\/span>\n\t\t\t\t\t\t\t\t\t\t<span class=\"elementor-icon-list-text\">Up to 10 years repair possible<\/span>\n\t\t\t\t\t\t\t\t\t<\/li>\n\t\t\t\t\t\t\t\t<li class=\"elementor-icon-list-item\">\n\t\t\t\t\t\t\t\t\t\t\t<span class=\"elementor-icon-list-icon\">\n\t\t\t\t\t\t\t<i aria-hidden=\"true\" class=\"fas fa-circle\"><\/i>\t\t\t\t\t\t<\/span>\n\t\t\t\t\t\t\t\t\t\t<span class=\"elementor-icon-list-text\">In-house workshop<\/span>\n\t\t\t\t\t\t\t\t\t<\/li>\n\t\t\t\t\t\t<\/ul>\n\t\t\t\t\t\t<\/div>\n\t\t\t\t<\/div>\n\t\t\t\t\t<\/div>\n\t\t<\/div>\n\t\t\t\t<div class=\"elementor-column elementor-col-50 elementor-top-column elementor-element elementor-element-15594b8\" data-id=\"15594b8\" data-element_type=\"column\" data-e-type=\"column\">\n\t\t\t<div class=\"elementor-widget-wrap elementor-element-populated\">\n\t\t\t\t\t\t<div class=\"elementor-element elementor-element-477f20d img-product elementor-invisible elementor-widget elementor-widget-image\" data-id=\"477f20d\" data-element_type=\"widget\" data-e-type=\"widget\" data-settings=\"{&quot;_animation&quot;:&quot;slideInRight&quot;}\" data-widget_type=\"image.default\">\n\t\t\t\t<div class=\"elementor-widget-container\">\n\t\t\t\t\t\t\t\t\t\t\t\t\t\t\t<img decoding=\"async\" width=\"100\" height=\"100\" src=\"https:\/\/www.screen-experts.de\/wp-content\/uploads\/Artboard-102.svg\" class=\"attachment-medium size-medium wp-image-7880\" alt=\"\" \/>\t\t\t\t\t\t\t\t\t\t\t\t\t\t\t<\/div>\n\t\t\t\t<\/div>\n\t\t\t\t\t<\/div>\n\t\t<\/div>\n\t\t\t\t\t<\/div>\n\t\t<\/section>\n\t\t\t\t<section class=\"elementor-section elementor-top-section elementor-element elementor-element-68b3b37 elementor-section-boxed elementor-section-height-default elementor-section-height-default\" data-id=\"68b3b37\" data-element_type=\"section\" data-e-type=\"section\">\n\t\t\t\t\t\t<div class=\"elementor-container elementor-column-gap-default\">\n\t\t\t\t\t<div class=\"elementor-column elementor-col-50 elementor-top-column elementor-element elementor-element-d4b6306\" data-id=\"d4b6306\" data-element_type=\"column\" data-e-type=\"column\">\n\t\t\t<div class=\"elementor-widget-wrap elementor-element-populated\">\n\t\t\t\t\t\t<div class=\"elementor-element elementor-element-018027c img-product elementor-invisible elementor-widget elementor-widget-image\" data-id=\"018027c\" data-element_type=\"widget\" data-e-type=\"widget\" data-settings=\"{&quot;_animation&quot;:&quot;slideInLeft&quot;}\" data-widget_type=\"image.default\">\n\t\t\t\t<div class=\"elementor-widget-container\">\n\t\t\t\t\t\t\t\t\t\t\t\t\t\t\t<img decoding=\"async\" width=\"1200\" height=\"800\" src=\"https:\/\/www.screen-experts.de\/wp-content\/uploads\/ezgif.com-gif-maker-31.webp\" class=\"attachment-full size-full wp-image-12181\" alt=\"\" srcset=\"https:\/\/www.screen-experts.de\/wp-content\/uploads\/ezgif.com-gif-maker-31.webp 1200w, https:\/\/www.screen-experts.de\/wp-content\/uploads\/ezgif.com-gif-maker-31-300x200.webp 300w, https:\/\/www.screen-experts.de\/wp-content\/uploads\/ezgif.com-gif-maker-31-1024x683.webp 1024w, https:\/\/www.screen-experts.de\/wp-content\/uploads\/ezgif.com-gif-maker-31-768x512.webp 768w, https:\/\/www.screen-experts.de\/wp-content\/uploads\/ezgif.com-gif-maker-31-450x300.webp 450w, https:\/\/www.screen-experts.de\/wp-content\/uploads\/ezgif.com-gif-maker-31-18x12.webp 18w\" sizes=\"(max-width: 1200px) 100vw, 1200px\" \/>\t\t\t\t\t\t\t\t\t\t\t\t\t\t\t<\/div>\n\t\t\t\t<\/div>\n\t\t\t\t\t<\/div>\n\t\t<\/div>\n\t\t\t\t<div class=\"elementor-column elementor-col-50 elementor-top-column elementor-element elementor-element-4f3a03e\" data-id=\"4f3a03e\" data-element_type=\"column\" data-e-type=\"column\">\n\t\t\t<div class=\"elementor-widget-wrap elementor-element-populated\">\n\t\t\t\t\t\t<div class=\"elementor-element elementor-element-681bd23 elementor-widget elementor-widget-text-editor\" data-id=\"681bd23\" data-element_type=\"widget\" data-e-type=\"widget\" data-widget_type=\"text-editor.default\">\n\t\t\t\t<div class=\"elementor-widget-container\">\n\t\t\t\t\t\t\t\t\t<p><span style=\"color: var( --e-global-color-text ); font-family: var( --e-global-typography-text-font-family ), Sans-serif; font-size: var( --e-global-typography-text-font-size ); font-weight: var( --e-global-typography-text-font-weight );\">With our experience as a manufacturer of LED screens, we have developed technically well-engineered solutions for our customers. Nevertheless, you can never completely rule out  a warranty case. As one of the exceptions on the market, we therefore offer a 5-year warranty as a bring-in service in accordance with our warranty terms on our LED products.<\/span><\/p>\t\t\t\t\t\t\t\t<\/div>\n\t\t\t\t<\/div>\n\t\t\t\t\t<\/div>\n\t\t<\/div>\n\t\t\t\t\t<\/div>\n\t\t<\/section>\n\t\t\t\t<section class=\"elementor-section elementor-top-section elementor-element elementor-element-ec6733b elementor-section-boxed elementor-section-height-default elementor-section-height-default\" data-id=\"ec6733b\" data-element_type=\"section\" data-e-type=\"section\">\n\t\t\t\t\t\t<div class=\"elementor-container elementor-column-gap-default\">\n\t\t\t\t\t<div class=\"elementor-column elementor-col-50 elementor-top-column elementor-element elementor-element-e60da64\" data-id=\"e60da64\" data-element_type=\"column\" data-e-type=\"column\">\n\t\t\t<div class=\"elementor-widget-wrap elementor-element-populated\">\n\t\t\t\t\t\t<div class=\"elementor-element elementor-element-7e033e4 elementor-widget elementor-widget-text-editor\" data-id=\"7e033e4\" data-element_type=\"widget\" data-e-type=\"widget\" data-widget_type=\"text-editor.default\">\n\t\t\t\t<div class=\"elementor-widget-container\">\n\t\t\t\t\t\t\t\t\t<p><span style=\"color: var( --e-global-color-text ); font-family: var( --e-global-typography-text-font-family ), Sans-serif; font-size: var( --e-global-typography-text-font-size ); font-weight: var( --e-global-typography-text-font-weight );\">In addition, you can optionally obtain a warranty on the availability of certain spare parts of up to 10 years.<\/span><\/p><p>For all other parts, extensive warranty extensions can be concluded.<\/p>\t\t\t\t\t\t\t\t<\/div>\n\t\t\t\t<\/div>\n\t\t\t\t\t<\/div>\n\t\t<\/div>\n\t\t\t\t<div class=\"elementor-column elementor-col-50 elementor-top-column elementor-element elementor-element-feaa25e\" data-id=\"feaa25e\" data-element_type=\"column\" data-e-type=\"column\">\n\t\t\t<div class=\"elementor-widget-wrap elementor-element-populated\">\n\t\t\t\t\t\t<div class=\"elementor-element elementor-element-3a7a1a8 img-product elementor-invisible elementor-widget elementor-widget-image\" data-id=\"3a7a1a8\" data-element_type=\"widget\" data-e-type=\"widget\" data-settings=\"{&quot;_animation&quot;:&quot;slideInRight&quot;}\" data-widget_type=\"image.default\">\n\t\t\t\t<div class=\"elementor-widget-container\">\n\t\t\t\t\t\t\t\t\t\t\t\t\t\t\t<img loading=\"lazy\" decoding=\"async\" width=\"740\" height=\"555\" src=\"https:\/\/www.screen-experts.de\/wp-content\/uploads\/IMG_1037-e1676907904210.png\" class=\"attachment-full size-full wp-image-9764\" alt=\"\" \/>\t\t\t\t\t\t\t\t\t\t\t\t\t\t\t<\/div>\n\t\t\t\t<\/div>\n\t\t\t\t\t<\/div>\n\t\t<\/div>\n\t\t\t\t\t<\/div>\n\t\t<\/section>\n\t\t\t\t<\/div>","protected":false},"excerpt":{"rendered":"<p>Screen expertsGarantieKurzum: Sicher Screen Experts Garantie 5 Jahre Herstellergarantie auf Standardprodukte hohe Ersatzteilverf\u00fcgbarkeit bis zu 10 Jahre Reparatur m\u00f6glich In-House Werkstatt Mit unserer Erfahrung als Hersteller von LED-Screens haben wir technisch ausgereifte L\u00f6sungen f\u00fcr unsere Kunden erarbeitet. Trotzdem kann man nie g\u00e4nzlich ausschlie\u00dfen, dass nicht doch einmal ein Garantiefall eintritt. Als eine der Ausnahmen am [&hellip;]<\/p>\n","protected":false},"author":9,"featured_media":0,"parent":2096,"menu_order":6,"comment_status":"closed","ping_status":"closed","template":"","meta":{"footnotes":""},"folder":[],"class_list":["post-6957","page","type-page","status-publish","hentry"],"yoast_head":"<!-- This site is optimized with the Yoast SEO plugin v27.4 - https:\/\/yoast.com\/product\/yoast-seo-wordpress\/ -->\n<title>Screen Experts | Next Generation Premium Screens<\/title>\n<meta name=\"robots\" content=\"index, follow, max-snippet:-1, max-image-preview:large, max-video-preview:-1\" \/>\n<link rel=\"canonical\" href=\"https:\/\/www.screen-experts.de\/en\/kompetenzen\/garantie\/\" \/>\n<meta property=\"og:locale\" content=\"en_US\" \/>\n<meta property=\"og:type\" content=\"article\" \/>\n<meta property=\"og:title\" content=\"Screen Experts | Next Generation Premium Screens\" \/>\n<meta property=\"og:description\" content=\"Screen expertsGarantieKurzum: Sicher Screen Experts Garantie 5 Jahre Herstellergarantie auf Standardprodukte hohe Ersatzteilverf\u00fcgbarkeit bis zu 10 Jahre Reparatur m\u00f6glich In-House Werkstatt Mit unserer Erfahrung als Hersteller von LED-Screens haben wir technisch ausgereifte L\u00f6sungen f\u00fcr unsere Kunden erarbeitet. Trotzdem kann man nie g\u00e4nzlich ausschlie\u00dfen, dass nicht doch einmal ein Garantiefall eintritt. Als eine der Ausnahmen am [&hellip;]\" \/>\n<meta property=\"og:url\" content=\"https:\/\/www.screen-experts.de\/en\/kompetenzen\/garantie\/\" \/>\n<meta property=\"og:site_name\" content=\"Screen Experts\" \/>\n<meta property=\"article:modified_time\" content=\"2025-06-18T09:49:03+00:00\" \/>\n<meta property=\"og:image\" content=\"https:\/\/www.screen-experts.de\/wp-content\/uploads\/ScreenExperts_Logo_rund.png\" \/>\n\t<meta property=\"og:image:width\" content=\"1000\" \/>\n\t<meta property=\"og:image:height\" content=\"1000\" \/>\n\t<meta property=\"og:image:type\" content=\"image\/png\" \/>\n<meta name=\"twitter:card\" content=\"summary_large_image\" \/>\n<meta name=\"twitter:label1\" content=\"Est. reading time\" \/>\n\t<meta name=\"twitter:data1\" content=\"2 minutes\" \/>\n<script type=\"application\/ld+json\" class=\"yoast-schema-graph\">{\"@context\":\"https:\\\/\\\/schema.org\",\"@graph\":[{\"@type\":\"WebPage\",\"@id\":\"https:\\\/\\\/www.screen-experts.de\\\/kompetenzen\\\/garantie\\\/\",\"url\":\"https:\\\/\\\/www.screen-experts.de\\\/kompetenzen\\\/garantie\\\/\",\"name\":\"Screen Experts | Next Generation Premium Screens\",\"isPartOf\":{\"@id\":\"https:\\\/\\\/www.screen-experts.de\\\/#website\"},\"primaryImageOfPage\":{\"@id\":\"https:\\\/\\\/www.screen-experts.de\\\/kompetenzen\\\/garantie\\\/#primaryimage\"},\"image\":{\"@id\":\"https:\\\/\\\/www.screen-experts.de\\\/kompetenzen\\\/garantie\\\/#primaryimage\"},\"thumbnailUrl\":\"https:\\\/\\\/www.screen-experts.de\\\/wp-content\\\/uploads\\\/ScreenExperts_Logo_rund.png\",\"datePublished\":\"2022-01-25T13:23:57+00:00\",\"dateModified\":\"2025-06-18T09:49:03+00:00\",\"breadcrumb\":{\"@id\":\"https:\\\/\\\/www.screen-experts.de\\\/kompetenzen\\\/garantie\\\/#breadcrumb\"},\"inLanguage\":\"en-US\",\"potentialAction\":[{\"@type\":\"ReadAction\",\"target\":[\"https:\\\/\\\/www.screen-experts.de\\\/kompetenzen\\\/garantie\\\/\"]}]},{\"@type\":\"ImageObject\",\"inLanguage\":\"en-US\",\"@id\":\"https:\\\/\\\/www.screen-experts.de\\\/kompetenzen\\\/garantie\\\/#primaryimage\",\"url\":\"https:\\\/\\\/www.screen-experts.de\\\/wp-content\\\/uploads\\\/ScreenExperts_Logo_rund.png\",\"contentUrl\":\"https:\\\/\\\/www.screen-experts.de\\\/wp-content\\\/uploads\\\/ScreenExperts_Logo_rund.png\"},{\"@type\":\"BreadcrumbList\",\"@id\":\"https:\\\/\\\/www.screen-experts.de\\\/kompetenzen\\\/garantie\\\/#breadcrumb\",\"itemListElement\":[{\"@type\":\"ListItem\",\"position\":1,\"name\":\"Kompetenzen\",\"item\":\"https:\\\/\\\/www.screen-experts.de\\\/kompetenzen\\\/\"},{\"@type\":\"ListItem\",\"position\":2,\"name\":\"Garantie\"}]},{\"@type\":\"WebSite\",\"@id\":\"https:\\\/\\\/www.screen-experts.de\\\/#website\",\"url\":\"https:\\\/\\\/www.screen-experts.de\\\/\",\"name\":\"Screen Experts\",\"description\":\"LED und LCD Gro\u00dfbildschirme\",\"publisher\":{\"@id\":\"https:\\\/\\\/www.screen-experts.de\\\/#organization\"},\"potentialAction\":[{\"@type\":\"SearchAction\",\"target\":{\"@type\":\"EntryPoint\",\"urlTemplate\":\"https:\\\/\\\/www.screen-experts.de\\\/?s={search_term_string}\"},\"query-input\":{\"@type\":\"PropertyValueSpecification\",\"valueRequired\":true,\"valueName\":\"search_term_string\"}}],\"inLanguage\":\"en-US\"},{\"@type\":\"Organization\",\"@id\":\"https:\\\/\\\/www.screen-experts.de\\\/#organization\",\"name\":\"Screen Experts\",\"url\":\"https:\\\/\\\/www.screen-experts.de\\\/\",\"logo\":{\"@type\":\"ImageObject\",\"inLanguage\":\"en-US\",\"@id\":\"https:\\\/\\\/www.screen-experts.de\\\/#\\\/schema\\\/logo\\\/image\\\/\",\"url\":\"https:\\\/\\\/www.screen-experts.de\\\/wp-content\\\/uploads\\\/screen-experts-website-logo.png\",\"contentUrl\":\"https:\\\/\\\/www.screen-experts.de\\\/wp-content\\\/uploads\\\/screen-experts-website-logo.png\",\"width\":1237,\"height\":435,\"caption\":\"Screen Experts\"},\"image\":{\"@id\":\"https:\\\/\\\/www.screen-experts.de\\\/#\\\/schema\\\/logo\\\/image\\\/\"}}]}<\/script>\n<!-- \/ Yoast SEO plugin. -->","yoast_head_json":{"title":"Screen Experts | Next Generation Premium Screens","robots":{"index":"index","follow":"follow","max-snippet":"max-snippet:-1","max-image-preview":"max-image-preview:large","max-video-preview":"max-video-preview:-1"},"canonical":"https:\/\/www.screen-experts.de\/en\/kompetenzen\/garantie\/","og_locale":"en_US","og_type":"article","og_title":"Screen Experts | Next Generation Premium Screens","og_description":"Screen expertsGarantieKurzum: Sicher Screen Experts Garantie 5 Jahre Herstellergarantie auf Standardprodukte hohe Ersatzteilverf\u00fcgbarkeit bis zu 10 Jahre Reparatur m\u00f6glich In-House Werkstatt Mit unserer Erfahrung als Hersteller von LED-Screens haben wir technisch ausgereifte L\u00f6sungen f\u00fcr unsere Kunden erarbeitet. Trotzdem kann man nie g\u00e4nzlich ausschlie\u00dfen, dass nicht doch einmal ein Garantiefall eintritt. Als eine der Ausnahmen am [&hellip;]","og_url":"https:\/\/www.screen-experts.de\/en\/kompetenzen\/garantie\/","og_site_name":"Screen Experts","article_modified_time":"2025-06-18T09:49:03+00:00","og_image":[{"width":1000,"height":1000,"url":"https:\/\/www.screen-experts.de\/wp-content\/uploads\/ScreenExperts_Logo_rund.png","type":"image\/png"}],"twitter_card":"summary_large_image","twitter_misc":{"Est. reading time":"2 minutes"},"schema":{"@context":"https:\/\/schema.org","@graph":[{"@type":"WebPage","@id":"https:\/\/www.screen-experts.de\/kompetenzen\/garantie\/","url":"https:\/\/www.screen-experts.de\/kompetenzen\/garantie\/","name":"Screen Experts | Next Generation Premium Screens","isPartOf":{"@id":"https:\/\/www.screen-experts.de\/#website"},"primaryImageOfPage":{"@id":"https:\/\/www.screen-experts.de\/kompetenzen\/garantie\/#primaryimage"},"image":{"@id":"https:\/\/www.screen-experts.de\/kompetenzen\/garantie\/#primaryimage"},"thumbnailUrl":"https:\/\/www.screen-experts.de\/wp-content\/uploads\/ScreenExperts_Logo_rund.png","datePublished":"2022-01-25T13:23:57+00:00","dateModified":"2025-06-18T09:49:03+00:00","breadcrumb":{"@id":"https:\/\/www.screen-experts.de\/kompetenzen\/garantie\/#breadcrumb"},"inLanguage":"en-US","potentialAction":[{"@type":"ReadAction","target":["https:\/\/www.screen-experts.de\/kompetenzen\/garantie\/"]}]},{"@type":"ImageObject","inLanguage":"en-US","@id":"https:\/\/www.screen-experts.de\/kompetenzen\/garantie\/#primaryimage","url":"https:\/\/www.screen-experts.de\/wp-content\/uploads\/ScreenExperts_Logo_rund.png","contentUrl":"https:\/\/www.screen-experts.de\/wp-content\/uploads\/ScreenExperts_Logo_rund.png"},{"@type":"BreadcrumbList","@id":"https:\/\/www.screen-experts.de\/kompetenzen\/garantie\/#breadcrumb","itemListElement":[{"@type":"ListItem","position":1,"name":"Kompetenzen","item":"https:\/\/www.screen-experts.de\/kompetenzen\/"},{"@type":"ListItem","position":2,"name":"Garantie"}]},{"@type":"WebSite","@id":"https:\/\/www.screen-experts.de\/#website","url":"https:\/\/www.screen-experts.de\/","name":"Screen Experts","description":"LED und LCD Gro\u00dfbildschirme","publisher":{"@id":"https:\/\/www.screen-experts.de\/#organization"},"potentialAction":[{"@type":"SearchAction","target":{"@type":"EntryPoint","urlTemplate":"https:\/\/www.screen-experts.de\/?s={search_term_string}"},"query-input":{"@type":"PropertyValueSpecification","valueRequired":true,"valueName":"search_term_string"}}],"inLanguage":"en-US"},{"@type":"Organization","@id":"https:\/\/www.screen-experts.de\/#organization","name":"Screen Experts","url":"https:\/\/www.screen-experts.de\/","logo":{"@type":"ImageObject","inLanguage":"en-US","@id":"https:\/\/www.screen-experts.de\/#\/schema\/logo\/image\/","url":"https:\/\/www.screen-experts.de\/wp-content\/uploads\/screen-experts-website-logo.png","contentUrl":"https:\/\/www.screen-experts.de\/wp-content\/uploads\/screen-experts-website-logo.png","width":1237,"height":435,"caption":"Screen Experts"},"image":{"@id":"https:\/\/www.screen-experts.de\/#\/schema\/logo\/image\/"}}]}},"_links":{"self":[{"href":"https:\/\/www.screen-experts.de\/en\/wp-json\/wp\/v2\/pages\/6957","targetHints":{"allow":["GET"]}}],"collection":[{"href":"https:\/\/www.screen-experts.de\/en\/wp-json\/wp\/v2\/pages"}],"about":[{"href":"https:\/\/www.screen-experts.de\/en\/wp-json\/wp\/v2\/types\/page"}],"author":[{"embeddable":true,"href":"https:\/\/www.screen-experts.de\/en\/wp-json\/wp\/v2\/users\/9"}],"replies":[{"embeddable":true,"href":"https:\/\/www.screen-experts.de\/en\/wp-json\/wp\/v2\/comments?post=6957"}],"version-history":[{"count":6,"href":"https:\/\/www.screen-experts.de\/en\/wp-json\/wp\/v2\/pages\/6957\/revisions"}],"predecessor-version":[{"id":16491,"href":"https:\/\/www.screen-experts.de\/en\/wp-json\/wp\/v2\/pages\/6957\/revisions\/16491"}],"up":[{"embeddable":true,"href":"https:\/\/www.screen-experts.de\/en\/wp-json\/wp\/v2\/pages\/2096"}],"wp:attachment":[{"href":"https:\/\/www.screen-experts.de\/en\/wp-json\/wp\/v2\/media?parent=6957"}],"wp:term":[{"taxonomy":"folder","embeddable":true,"href":"https:\/\/www.screen-experts.de\/en\/wp-json\/wp\/v2\/folder?post=6957"}],"curies":[{"name":"wp","href":"https:\/\/api.w.org\/{rel}","templated":true}]}}