{"id":6552,"date":"2022-01-17T00:11:01","date_gmt":"2022-01-16T23:11:01","guid":{"rendered":"https:\/\/www.screen-experts.de\/?page_id=6552"},"modified":"2026-03-13T16:34:08","modified_gmt":"2026-03-13T15:34:08","slug":"anfrageformular","status":"publish","type":"page","link":"https:\/\/www.screen-experts.de\/en\/anfrageformular\/","title":{"rendered":"GET IN TOUCH"},"content":{"rendered":"\t\t<div data-elementor-type=\"wp-page\" data-elementor-id=\"6552\" class=\"elementor elementor-6552\" data-elementor-post-type=\"page\">\n\t\t\t\t\t\t<section class=\"elementor-section elementor-top-section elementor-element elementor-element-c072d31 elementor-section-boxed elementor-section-height-default elementor-section-height-default\" data-id=\"c072d31\" data-element_type=\"section\" data-e-type=\"section\" data-settings=\"{&quot;background_background&quot;:&quot;gradient&quot;}\">\n\t\t\t\t\t\t<div class=\"elementor-container elementor-column-gap-wider\">\n\t\t\t\t\t<div class=\"elementor-column elementor-col-100 elementor-top-column elementor-element elementor-element-c7ecc27\" data-id=\"c7ecc27\" data-element_type=\"column\" data-e-type=\"column\">\n\t\t\t<div class=\"elementor-widget-wrap elementor-element-populated\">\n\t\t\t\t\t\t<div class=\"elementor-element elementor-element-da47690 elementor-widget elementor-widget-heading\" data-id=\"da47690\" data-element_type=\"widget\" data-e-type=\"widget\" data-widget_type=\"heading.default\">\n\t\t\t\t<div class=\"elementor-widget-container\">\n\t\t\t\t\t<h1 class=\"elementor-heading-title elementor-size-default\">GET IN TOUCH<\/h1>\t\t\t\t<\/div>\n\t\t\t\t<\/div>\n\t\t\t\t<div class=\"elementor-element elementor-element-c22a0e0 elementor-widget__width-initial elementor-widget-tablet__width-initial elementor-widget elementor-widget-text-editor\" data-id=\"c22a0e0\" data-element_type=\"widget\" data-e-type=\"widget\" data-widget_type=\"text-editor.default\">\n\t\t\t\t<div class=\"elementor-widget-container\">\n\t\t\t\t\t\t\t\t\t<p>Wir \u00fcbernehmen die umfassende Beratung und Planung, unterst\u00fctzen Sie bei Fragen zur Statik sowie bei allen Genehmigungsprozessen rund um Ihren LED-Screen. Dar\u00fcber hinaus \u00fcbernehmen wir den Aufbau, die Inbetriebnahme und Einweisung, liefern die erforderliche Soft- und Hardware und k\u00fcmmern uns zuverl\u00e4ssig um Wartung und Instandhaltung Ihres LED-Screens.<\/p><p>\u00a0<\/p><p>Bitte beachten Sie, dass wir <strong>LED Screens ausschlie\u00dflich zum Verkauf anbieten<\/strong> und <strong>keine Vermietungen<\/strong> durchf\u00fchren.<\/p>\t\t\t\t\t\t\t\t<\/div>\n\t\t\t\t<\/div>\n\t\t\t\t\t<\/div>\n\t\t<\/div>\n\t\t\t\t\t<\/div>\n\t\t<\/section>\n\t\t\t\t<section class=\"elementor-section elementor-top-section elementor-element elementor-element-0de8771 elementor-section-boxed elementor-section-height-default elementor-section-height-default\" data-id=\"0de8771\" data-element_type=\"section\" data-e-type=\"section\">\n\t\t\t\t\t\t<div class=\"elementor-container elementor-column-gap-default\">\n\t\t\t\t\t<div class=\"elementor-column elementor-col-100 elementor-top-column elementor-element elementor-element-8c17bd1\" data-id=\"8c17bd1\" data-element_type=\"column\" data-e-type=\"column\">\n\t\t\t<div class=\"elementor-widget-wrap elementor-element-populated\">\n\t\t\t\t\t\t<div class=\"elementor-element elementor-element-8622068 elementor-widget-tablet__width-initial elementor-button-align-stretch elementor-widget elementor-widget-form\" data-id=\"8622068\" data-element_type=\"widget\" data-e-type=\"widget\" data-settings=\"{&quot;button_width&quot;:&quot;40&quot;,&quot;step_next_label&quot;:&quot;N\\u00e4chster&quot;,&quot;step_previous_label&quot;:&quot;Voriger&quot;,&quot;step_type&quot;:&quot;number_text&quot;,&quot;step_icon_shape&quot;:&quot;circle&quot;}\" data-widget_type=\"form.default\">\n\t\t\t\t<div class=\"elementor-widget-container\">\n\t\t\t\t\t\t\t<form class=\"elementor-form\" method=\"post\" name=\"Neues Formular\" aria-label=\"Neues Formular\">\n\t\t\t<input type=\"hidden\" name=\"post_id\" value=\"6552\"\/>\n\t\t\t<input type=\"hidden\" name=\"form_id\" value=\"8622068\"\/>\n\t\t\t<input type=\"hidden\" name=\"referer_title\" value=\"Screen Experts\" \/>\n\n\t\t\t\n\t\t\t<div class=\"elementor-form-fields-wrapper elementor-labels-above\">\n\t\t\t\t\t\t\t\t<div class=\"elementor-field-type-text elementor-field-group elementor-column elementor-field-group-name elementor-col-50 elementor-field-required\">\n\t\t\t\t\t\t\t\t\t\t\t\t<label for=\"form-field-name\" class=\"elementor-field-label\">\n\t\t\t\t\t\t\t\tName *\t\t\t\t\t\t\t<\/label>\n\t\t\t\t\t\t\t\t\t\t\t\t\t\t<input size=\"1\" type=\"text\" name=\"form_fields[name]\" id=\"form-field-name\" class=\"elementor-field elementor-size-xs  elementor-field-textual\" placeholder=\"Name\" required=\"required\">\n\t\t\t\t\t\t\t\t\t\t\t<\/div>\n\t\t\t\t\t\t\t\t<div class=\"elementor-field-type-text elementor-field-group elementor-column elementor-field-group-field_7ae009e elementor-col-50 elementor-field-required\">\n\t\t\t\t\t\t\t\t\t\t\t\t<label for=\"form-field-field_7ae009e\" class=\"elementor-field-label\">\n\t\t\t\t\t\t\t\tTelefon *\t\t\t\t\t\t\t<\/label>\n\t\t\t\t\t\t\t\t\t\t\t\t\t\t<input size=\"1\" type=\"text\" name=\"form_fields[field_7ae009e]\" id=\"form-field-field_7ae009e\" class=\"elementor-field elementor-size-xs  elementor-field-textual\" placeholder=\"Telefon\" required=\"required\">\n\t\t\t\t\t\t\t\t\t\t\t<\/div>\n\t\t\t\t\t\t\t\t<div class=\"elementor-field-type-email elementor-field-group elementor-column elementor-field-group-email elementor-col-100 elementor-field-required\">\n\t\t\t\t\t\t\t\t\t\t\t\t<label for=\"form-field-email\" class=\"elementor-field-label\">\n\t\t\t\t\t\t\t\tE-Mail*\t\t\t\t\t\t\t<\/label>\n\t\t\t\t\t\t\t\t\t\t\t\t\t\t<input size=\"1\" type=\"email\" name=\"form_fields[email]\" id=\"form-field-email\" class=\"elementor-field elementor-size-xs  elementor-field-textual\" placeholder=\"E-Mail\" required=\"required\">\n\t\t\t\t\t\t\t\t\t\t\t<\/div>\n\t\t\t\t\t\t\t\t<div class=\"elementor-field-type-textarea elementor-field-group elementor-column elementor-field-group-message elementor-col-100 elementor-field-required\">\n\t\t\t\t\t\t\t\t\t\t\t\t<label for=\"form-field-message\" class=\"elementor-field-label\">\n\t\t\t\t\t\t\t\tNachricht *\t\t\t\t\t\t\t<\/label>\n\t\t\t\t\t\t<textarea class=\"elementor-field-textual elementor-field  elementor-size-xs\" name=\"form_fields[message]\" id=\"form-field-message\" rows=\"4\" placeholder=\"Nachricht\" required=\"required\"><\/textarea>\t\t\t\t<\/div>\n\t\t\t\t\t\t\t\t<div class=\"elementor-field-type-acceptance elementor-field-group elementor-column elementor-field-group-field_80ed658 elementor-col-100 elementor-field-required\">\n\t\t\t\t\t\t\t\t\t\t\t\t<label for=\"form-field-field_80ed658\" class=\"elementor-field-label\">\n\t\t\t\t\t\t\t\tDatenschutz\t\t\t\t\t\t\t<\/label>\n\t\t\t\t\t\t\t\t<div class=\"elementor-field-subgroup\">\n\t\t\t<span class=\"elementor-field-option\">\n\t\t\t\t<input type=\"checkbox\" name=\"form_fields[field_80ed658]\" id=\"form-field-field_80ed658\" class=\"elementor-field elementor-size-xs  elementor-acceptance-field\" required=\"required\">\n\t\t\t\t<label for=\"form-field-field_80ed658\">Ich stimme der <a href=\"https:\/\/www.screen-experts.de\/datenschutz\/\" style=\"color: blue\">Datenschutzerkl\u00e4rung<\/a> und der Verarbeitung meiner Daten zu. <\/label>\t\t\t<\/span>\n\t\t<\/div>\n\t\t\t\t\t\t<\/div>\n\t\t\t\t\t\t\t\t<div class=\"elementor-field-type-acceptance elementor-field-group elementor-column elementor-field-group-field_acf426e elementor-col-100\">\n\t\t\t\t\t\t\t\t\t\t\t\t<label for=\"form-field-field_acf426e\" class=\"elementor-field-label\">\n\t\t\t\t\t\t\t\tNewsletter\t\t\t\t\t\t\t<\/label>\n\t\t\t\t\t\t\t\t<div class=\"elementor-field-subgroup\">\n\t\t\t<span class=\"elementor-field-option\">\n\t\t\t\t<input type=\"checkbox\" name=\"form_fields[field_acf426e]\" id=\"form-field-field_acf426e\" class=\"elementor-field elementor-size-xs  elementor-acceptance-field\">\n\t\t\t\t<label for=\"form-field-field_acf426e\">Ich m\u00f6chte den Newsletter der Screen Experts GmbH erhalten und regelm\u00e4\u00dfig per E-Mail \u00fcber Neuigkeiten, Angebote und relevante Informationen informiert werden.<\/label>\t\t\t<\/span>\n\t\t<\/div>\n\t\t\t\t\t\t<\/div>\n\t\t\t\t\t\t\t\t<div class=\"elementor-field-type-recaptcha_v3 elementor-field-group elementor-column elementor-field-group-field_f10d976 elementor-col-100 recaptcha_v3-bottomright\">\n\t\t\t\t\t<div class=\"elementor-field\" id=\"form-field-field_f10d976\"><div class=\"elementor-g-recaptcha\" data-sitekey=\"6LfhTkseAAAAADHMekIvNbQd16zlEN_HChRw6_Hc\" data-type=\"v3\" data-action=\"Form\" data-badge=\"bottomright\" data-size=\"invisible\"><\/div><\/div>\t\t\t\t<\/div>\n\t\t\t\t\t\t\t\t<div class=\"elementor-field-group elementor-column elementor-field-type-submit elementor-col-40 e-form__buttons\">\n\t\t\t\t\t<button class=\"elementor-button elementor-size-xs\" type=\"submit\">\n\t\t\t\t\t\t<span class=\"elementor-button-content-wrapper\">\n\t\t\t\t\t\t\t\t\t\t\t\t\t\t\t\t\t\t\t\t\t\t<span class=\"elementor-button-text\">Senden<\/span>\n\t\t\t\t\t\t\t\t\t\t\t\t\t<\/span>\n\t\t\t\t\t<\/button>\n\t\t\t\t<\/div>\n\t\t\t<\/div>\n\t\t<\/form>\n\t\t\t\t\t\t<\/div>\n\t\t\t\t<\/div>\n\t\t\t\t\t<\/div>\n\t\t<\/div>\n\t\t\t\t\t<\/div>\n\t\t<\/section>\n\t\t\t\t<\/div>\n\t\t","protected":false},"excerpt":{"rendered":"<p>GET IN TOUCH Wir \u00fcbernehmen die umfassende Beratung und Planung, unterst\u00fctzen Sie bei Fragen zur Statik sowie bei allen Genehmigungsprozessen rund um Ihren LED-Screen. Dar\u00fcber hinaus \u00fcbernehmen wir den Aufbau, die Inbetriebnahme und Einweisung, liefern die erforderliche Soft- und Hardware und k\u00fcmmern uns zuverl\u00e4ssig um Wartung und Instandhaltung Ihres LED-Screens. \u00a0 Bitte beachten Sie, dass [&hellip;]<\/p>\n","protected":false},"author":9,"featured_media":0,"parent":0,"menu_order":46,"comment_status":"closed","ping_status":"closed","template":"","meta":{"footnotes":""},"folder":[],"class_list":["post-6552","page","type-page","status-publish","hentry"],"yoast_head":"<!-- This site is optimized with the Yoast SEO plugin v27.5 - https:\/\/yoast.com\/product\/yoast-seo-wordpress\/ -->\n<title>Screen Experts | Next Generation Premium Screens<\/title>\n<meta name=\"robots\" content=\"index, follow, max-snippet:-1, max-image-preview:large, max-video-preview:-1\" \/>\n<link rel=\"canonical\" href=\"https:\/\/www.screen-experts.de\/en\/anfrageformular\/\" \/>\n<meta property=\"og:locale\" content=\"en_US\" \/>\n<meta property=\"og:type\" content=\"article\" \/>\n<meta property=\"og:title\" content=\"Screen Experts | Next Generation Premium Screens\" \/>\n<meta property=\"og:description\" content=\"GET IN TOUCH Wir \u00fcbernehmen die umfassende Beratung und Planung, unterst\u00fctzen Sie bei Fragen zur Statik sowie bei allen Genehmigungsprozessen rund um Ihren LED-Screen. Dar\u00fcber hinaus \u00fcbernehmen wir den Aufbau, die Inbetriebnahme und Einweisung, liefern die erforderliche Soft- und Hardware und k\u00fcmmern uns zuverl\u00e4ssig um Wartung und Instandhaltung Ihres LED-Screens. \u00a0 Bitte beachten Sie, dass [&hellip;]\" \/>\n<meta property=\"og:url\" content=\"https:\/\/www.screen-experts.de\/en\/anfrageformular\/\" \/>\n<meta property=\"og:site_name\" content=\"Screen Experts\" \/>\n<meta property=\"article:modified_time\" content=\"2026-03-13T15:34:08+00:00\" \/>\n<meta name=\"twitter:card\" content=\"summary_large_image\" \/>\n<meta name=\"twitter:label1\" content=\"Est. reading time\" \/>\n\t<meta name=\"twitter:data1\" content=\"1 minute\" \/>\n<script type=\"application\/ld+json\" class=\"yoast-schema-graph\">{\"@context\":\"https:\\\/\\\/schema.org\",\"@graph\":[{\"@type\":\"WebPage\",\"@id\":\"https:\\\/\\\/www.screen-experts.de\\\/anfrageformular\\\/\",\"url\":\"https:\\\/\\\/www.screen-experts.de\\\/anfrageformular\\\/\",\"name\":\"Screen Experts | Next Generation Premium Screens\",\"isPartOf\":{\"@id\":\"https:\\\/\\\/www.screen-experts.de\\\/#website\"},\"datePublished\":\"2022-01-16T23:11:01+00:00\",\"dateModified\":\"2026-03-13T15:34:08+00:00\",\"inLanguage\":\"en-US\",\"potentialAction\":[{\"@type\":\"ReadAction\",\"target\":[\"https:\\\/\\\/www.screen-experts.de\\\/anfrageformular\\\/\"]}]},{\"@type\":\"WebSite\",\"@id\":\"https:\\\/\\\/www.screen-experts.de\\\/#website\",\"url\":\"https:\\\/\\\/www.screen-experts.de\\\/\",\"name\":\"Screen Experts\",\"description\":\"LED und LCD Gro\u00dfbildschirme\",\"publisher\":{\"@id\":\"https:\\\/\\\/www.screen-experts.de\\\/#organization\"},\"potentialAction\":[{\"@type\":\"SearchAction\",\"target\":{\"@type\":\"EntryPoint\",\"urlTemplate\":\"https:\\\/\\\/www.screen-experts.de\\\/?s={search_term_string}\"},\"query-input\":{\"@type\":\"PropertyValueSpecification\",\"valueRequired\":true,\"valueName\":\"search_term_string\"}}],\"inLanguage\":\"en-US\"},{\"@type\":\"Organization\",\"@id\":\"https:\\\/\\\/www.screen-experts.de\\\/#organization\",\"name\":\"Screen Experts\",\"url\":\"https:\\\/\\\/www.screen-experts.de\\\/\",\"logo\":{\"@type\":\"ImageObject\",\"inLanguage\":\"en-US\",\"@id\":\"https:\\\/\\\/www.screen-experts.de\\\/#\\\/schema\\\/logo\\\/image\\\/\",\"url\":\"https:\\\/\\\/www.screen-experts.de\\\/wp-content\\\/uploads\\\/screen-experts-website-logo.png\",\"contentUrl\":\"https:\\\/\\\/www.screen-experts.de\\\/wp-content\\\/uploads\\\/screen-experts-website-logo.png\",\"width\":1237,\"height\":435,\"caption\":\"Screen Experts\"},\"image\":{\"@id\":\"https:\\\/\\\/www.screen-experts.de\\\/#\\\/schema\\\/logo\\\/image\\\/\"}}]}<\/script>\n<!-- \/ Yoast SEO plugin. -->","yoast_head_json":{"title":"Screen Experts | Next Generation Premium Screens","robots":{"index":"index","follow":"follow","max-snippet":"max-snippet:-1","max-image-preview":"max-image-preview:large","max-video-preview":"max-video-preview:-1"},"canonical":"https:\/\/www.screen-experts.de\/en\/anfrageformular\/","og_locale":"en_US","og_type":"article","og_title":"Screen Experts | Next Generation Premium Screens","og_description":"GET IN TOUCH Wir \u00fcbernehmen die umfassende Beratung und Planung, unterst\u00fctzen Sie bei Fragen zur Statik sowie bei allen Genehmigungsprozessen rund um Ihren LED-Screen. Dar\u00fcber hinaus \u00fcbernehmen wir den Aufbau, die Inbetriebnahme und Einweisung, liefern die erforderliche Soft- und Hardware und k\u00fcmmern uns zuverl\u00e4ssig um Wartung und Instandhaltung Ihres LED-Screens. \u00a0 Bitte beachten Sie, dass [&hellip;]","og_url":"https:\/\/www.screen-experts.de\/en\/anfrageformular\/","og_site_name":"Screen Experts","article_modified_time":"2026-03-13T15:34:08+00:00","twitter_card":"summary_large_image","twitter_misc":{"Est. reading time":"1 minute"},"schema":{"@context":"https:\/\/schema.org","@graph":[{"@type":"WebPage","@id":"https:\/\/www.screen-experts.de\/anfrageformular\/","url":"https:\/\/www.screen-experts.de\/anfrageformular\/","name":"Screen Experts | Next Generation Premium Screens","isPartOf":{"@id":"https:\/\/www.screen-experts.de\/#website"},"datePublished":"2022-01-16T23:11:01+00:00","dateModified":"2026-03-13T15:34:08+00:00","inLanguage":"en-US","potentialAction":[{"@type":"ReadAction","target":["https:\/\/www.screen-experts.de\/anfrageformular\/"]}]},{"@type":"WebSite","@id":"https:\/\/www.screen-experts.de\/#website","url":"https:\/\/www.screen-experts.de\/","name":"Screen Experts","description":"LED und LCD Gro\u00dfbildschirme","publisher":{"@id":"https:\/\/www.screen-experts.de\/#organization"},"potentialAction":[{"@type":"SearchAction","target":{"@type":"EntryPoint","urlTemplate":"https:\/\/www.screen-experts.de\/?s={search_term_string}"},"query-input":{"@type":"PropertyValueSpecification","valueRequired":true,"valueName":"search_term_string"}}],"inLanguage":"en-US"},{"@type":"Organization","@id":"https:\/\/www.screen-experts.de\/#organization","name":"Screen Experts","url":"https:\/\/www.screen-experts.de\/","logo":{"@type":"ImageObject","inLanguage":"en-US","@id":"https:\/\/www.screen-experts.de\/#\/schema\/logo\/image\/","url":"https:\/\/www.screen-experts.de\/wp-content\/uploads\/screen-experts-website-logo.png","contentUrl":"https:\/\/www.screen-experts.de\/wp-content\/uploads\/screen-experts-website-logo.png","width":1237,"height":435,"caption":"Screen Experts"},"image":{"@id":"https:\/\/www.screen-experts.de\/#\/schema\/logo\/image\/"}}]}},"_links":{"self":[{"href":"https:\/\/www.screen-experts.de\/en\/wp-json\/wp\/v2\/pages\/6552","targetHints":{"allow":["GET"]}}],"collection":[{"href":"https:\/\/www.screen-experts.de\/en\/wp-json\/wp\/v2\/pages"}],"about":[{"href":"https:\/\/www.screen-experts.de\/en\/wp-json\/wp\/v2\/types\/page"}],"author":[{"embeddable":true,"href":"https:\/\/www.screen-experts.de\/en\/wp-json\/wp\/v2\/users\/9"}],"replies":[{"embeddable":true,"href":"https:\/\/www.screen-experts.de\/en\/wp-json\/wp\/v2\/comments?post=6552"}],"version-history":[{"count":124,"href":"https:\/\/www.screen-experts.de\/en\/wp-json\/wp\/v2\/pages\/6552\/revisions"}],"predecessor-version":[{"id":17670,"href":"https:\/\/www.screen-experts.de\/en\/wp-json\/wp\/v2\/pages\/6552\/revisions\/17670"}],"wp:attachment":[{"href":"https:\/\/www.screen-experts.de\/en\/wp-json\/wp\/v2\/media?parent=6552"}],"wp:term":[{"taxonomy":"folder","embeddable":true,"href":"https:\/\/www.screen-experts.de\/en\/wp-json\/wp\/v2\/folder?post=6552"}],"curies":[{"name":"wp","href":"https:\/\/api.w.org\/{rel}","templated":true}]}}