{"id":13019,"date":"2023-07-31T23:46:11","date_gmt":"2023-07-31T21:46:11","guid":{"rendered":"https:\/\/www.screen-experts.de\/?page_id=13019"},"modified":"2024-01-08T20:42:38","modified_gmt":"2024-01-08T19:42:38","slug":"ratgeber","status":"publish","type":"page","link":"https:\/\/www.screen-experts.de\/en\/auswahl-led\/ratgeber\/","title":{"rendered":"Ratgeber"},"content":{"rendered":"<div data-elementor-type=\"wp-page\" data-elementor-id=\"13019\" class=\"elementor elementor-13019\" data-elementor-post-type=\"page\">\n\t\t\t\t\t\t<section class=\"elementor-section elementor-top-section elementor-element elementor-element-9d5ce4d elementor-section-full_width elementor-section-height-default elementor-section-height-default\" data-id=\"9d5ce4d\" data-element_type=\"section\" data-e-type=\"section\" id=\"slider\">\n\t\t\t\t\t\t<div class=\"elementor-container elementor-column-gap-default\">\n\t\t\t\t\t<div class=\"elementor-column elementor-col-100 elementor-top-column elementor-element elementor-element-47a124c\" data-id=\"47a124c\" data-element_type=\"column\" data-e-type=\"column\">\n\t\t\t<div class=\"elementor-widget-wrap elementor-element-populated\">\n\t\t\t\t\t\t<div class=\"elementor-element elementor-element-7b00cf8 elementor--h-position-left elementor--v-position-bottom elementor-arrows-position-inside elementor-widget elementor-widget-slides\" data-id=\"7b00cf8\" data-element_type=\"widget\" data-e-type=\"widget\" data-settings=\"{&quot;navigation&quot;:&quot;arrows&quot;,&quot;autoplay&quot;:&quot;yes&quot;,&quot;pause_on_hover&quot;:&quot;yes&quot;,&quot;pause_on_interaction&quot;:&quot;yes&quot;,&quot;autoplay_speed&quot;:5000,&quot;infinite&quot;:&quot;yes&quot;,&quot;transition&quot;:&quot;slide&quot;,&quot;transition_speed&quot;:500}\" data-widget_type=\"slides.default\">\n\t\t\t\t<div class=\"elementor-widget-container\">\n\t\t\t\t\t\t\t\t\t<div class=\"elementor-swiper\">\n\t\t\t\t\t<div class=\"elementor-slides-wrapper elementor-main-swiper swiper\" role=\"region\" aria-roledescription=\"carousel\" aria-label=\"Slider\" dir=\"ltr\" data-animation=\"fadeInUp\">\n\t\t\t\t<div class=\"swiper-wrapper elementor-slides\">\n\t\t\t\t\t\t\t\t\t\t<div class=\"elementor-repeater-item-b0e327d swiper-slide\" role=\"group\" aria-roledescription=\"slide\"><div class=\"swiper-slide-bg\" role=\"img\" aria-label=\"ezgif.com-gif-maker-66\"><\/div><a class=\"swiper-slide-inner\" href=\"#\"><div class=\"swiper-slide-contents\"><div class=\"elementor-slide-heading\"><span>Screen experts<\/span><br>LED screen<\/div><div class=\"elementor-slide-description\">SCREEN EXPERTS GmbH equips its customers with professional LED screens.<\/div><\/div><\/a><\/div>\t\t\t\t<\/div>\n\t\t\t\t\t\t\t<\/div>\n\t\t\t\t<\/div>\n\t\t\t\t\t\t\t\t<\/div>\n\t\t\t\t<\/div>\n\t\t\t\t\t<\/div>\n\t\t<\/div>\n\t\t\t\t\t<\/div>\n\t\t<\/section>\n\t\t\t\t<section class=\"elementor-section elementor-top-section elementor-element elementor-element-d4fe5c5 no-click elementor-section-boxed elementor-section-height-default elementor-section-height-default\" data-id=\"d4fe5c5\" data-element_type=\"section\" data-e-type=\"section\">\n\t\t\t\t\t\t<div class=\"elementor-container elementor-column-gap-default\">\n\t\t\t\t\t<div class=\"elementor-column elementor-col-100 elementor-top-column elementor-element elementor-element-b01079e\" data-id=\"b01079e\" data-element_type=\"column\" data-e-type=\"column\">\n\t\t\t<div class=\"elementor-widget-wrap elementor-element-populated\">\n\t\t\t\t\t\t<div class=\"elementor-element elementor-element-0592829 elementor-absolute no-click elementor-widget elementor-widget-image\" data-id=\"0592829\" data-element_type=\"widget\" data-e-type=\"widget\" data-settings=\"{&quot;_position&quot;:&quot;absolute&quot;}\" data-widget_type=\"image.default\">\n\t\t\t\t<div class=\"elementor-widget-container\">\n\t\t\t\t\t\t\t\t\t\t\t\t\t\t\t<img fetchpriority=\"high\" decoding=\"async\" width=\"1000\" height=\"1000\" src=\"https:\/\/www.screen-experts.de\/wp-content\/uploads\/ScreenExperts_Logo_rund.png\" class=\"attachment-full size-full wp-image-6726\" alt=\"\" srcset=\"https:\/\/www.screen-experts.de\/wp-content\/uploads\/ScreenExperts_Logo_rund.png 1000w, https:\/\/www.screen-experts.de\/wp-content\/uploads\/ScreenExperts_Logo_rund-300x300.png 300w, https:\/\/www.screen-experts.de\/wp-content\/uploads\/ScreenExperts_Logo_rund-150x150.png 150w, https:\/\/www.screen-experts.de\/wp-content\/uploads\/ScreenExperts_Logo_rund-768x768.png 768w\" sizes=\"(max-width: 1000px) 100vw, 1000px\" \/>\t\t\t\t\t\t\t\t\t\t\t\t\t\t\t<\/div>\n\t\t\t\t<\/div>\n\t\t\t\t\t<\/div>\n\t\t<\/div>\n\t\t\t\t\t<\/div>\n\t\t<\/section>\n\t\t\t\t<section class=\"elementor-section elementor-top-section elementor-element elementor-element-e6f940f elementor-section-boxed elementor-section-height-default elementor-section-height-default\" data-id=\"e6f940f\" data-element_type=\"section\" data-e-type=\"section\">\n\t\t\t\t\t\t<div class=\"elementor-container elementor-column-gap-default\">\n\t\t\t\t\t<div class=\"elementor-column elementor-col-100 elementor-top-column elementor-element elementor-element-fce9be0\" data-id=\"fce9be0\" data-element_type=\"column\" data-e-type=\"column\">\n\t\t\t<div class=\"elementor-widget-wrap elementor-element-populated\">\n\t\t\t\t\t\t<div class=\"elementor-element elementor-element-9ff46e2 elementor-widget elementor-widget-spacer\" data-id=\"9ff46e2\" data-element_type=\"widget\" data-e-type=\"widget\" data-widget_type=\"spacer.default\">\n\t\t\t\t<div class=\"elementor-widget-container\">\n\t\t\t\t\t\t\t<div class=\"elementor-spacer\">\n\t\t\t<div class=\"elementor-spacer-inner\"><\/div>\n\t\t<\/div>\n\t\t\t\t\t\t<\/div>\n\t\t\t\t<\/div>\n\t\t\t\t<div class=\"elementor-element elementor-element-a3bd1bc elementor-headline--style-highlight elementor-widget elementor-widget-animated-headline\" data-id=\"a3bd1bc\" data-element_type=\"widget\" data-e-type=\"widget\" data-settings=\"{&quot;marker&quot;:&quot;underline&quot;,&quot;highlighted_text&quot;:&quot;Ratgeber&quot;,&quot;highlight_animation_duration&quot;:800,&quot;headline_style&quot;:&quot;highlight&quot;,&quot;loop&quot;:&quot;yes&quot;,&quot;highlight_iteration_delay&quot;:8000}\" data-widget_type=\"animated-headline.default\">\n\t\t\t\t<div class=\"elementor-widget-container\">\n\t\t\t\t\t\t\t<h3 class=\"elementor-headline\">\n\t\t\t\t\t<span class=\"elementor-headline-plain-text elementor-headline-text-wrapper\">Ihr<\/span>\n\t\t\t\t<span class=\"elementor-headline-dynamic-wrapper elementor-headline-text-wrapper\">\n\t\t\t\t\t<span class=\"elementor-headline-dynamic-text elementor-headline-text-active\">Ratgeber<\/span>\n\t\t\t\t<\/span>\n\t\t\t\t\t<span class=\"elementor-headline-plain-text elementor-headline-text-wrapper\">f\u00fcr...<\/span>\n\t\t\t\t\t<\/h3>\n\t\t\t\t\t\t<\/div>\n\t\t\t\t<\/div>\n\t\t\t\t\t<\/div>\n\t\t<\/div>\n\t\t\t\t\t<\/div>\n\t\t<\/section>\n\t\t\t\t<section class=\"elementor-section elementor-top-section elementor-element elementor-element-e29fc2b elementor-section-boxed elementor-section-height-default elementor-section-height-default\" data-id=\"e29fc2b\" data-element_type=\"section\" data-e-type=\"section\">\n\t\t\t\t\t\t<div class=\"elementor-container elementor-column-gap-default\">\n\t\t\t\t\t<div class=\"elementor-column elementor-col-100 elementor-top-column elementor-element elementor-element-3b67aeb\" data-id=\"3b67aeb\" data-element_type=\"column\" data-e-type=\"column\">\n\t\t\t<div class=\"elementor-widget-wrap elementor-element-populated\">\n\t\t\t\t\t\t<div class=\"elementor-element elementor-element-2782e66 elementor-grid-3 elementor-grid-tablet-2 elementor-grid-mobile-1 elementor-posts--thumbnail-top elementor-posts--show-avatar elementor-card-shadow-yes elementor-posts__hover-gradient elementor-widget elementor-widget-posts\" data-id=\"2782e66\" data-element_type=\"widget\" data-e-type=\"widget\" data-settings=\"{&quot;cards_columns&quot;:&quot;3&quot;,&quot;cards_columns_tablet&quot;:&quot;2&quot;,&quot;cards_columns_mobile&quot;:&quot;1&quot;,&quot;cards_row_gap&quot;:{&quot;unit&quot;:&quot;px&quot;,&quot;size&quot;:35,&quot;sizes&quot;:[]},&quot;cards_row_gap_tablet&quot;:{&quot;unit&quot;:&quot;px&quot;,&quot;size&quot;:&quot;&quot;,&quot;sizes&quot;:[]},&quot;cards_row_gap_mobile&quot;:{&quot;unit&quot;:&quot;px&quot;,&quot;size&quot;:&quot;&quot;,&quot;sizes&quot;:[]}}\" data-widget_type=\"posts.cards\">\n\t\t\t\t<div class=\"elementor-widget-container\">\n\t\t\t\t\t\t\t<div class=\"elementor-posts-container elementor-posts elementor-posts--skin-cards elementor-grid\" role=\"list\">\n\t\t\t\t<article class=\"elementor-post elementor-grid-item post-5843 page type-page status-publish hentry\" role=\"listitem\">\n\t\t\t<div class=\"elementor-post__card\">\n\t\t\t\t<div class=\"elementor-post__text\">\n\t\t\t\t<h3 class=\"elementor-post__title\">\n\t\t\t<a href=\"https:\/\/www.screen-experts.de\/en\/led-screens\/outdoor\/workline\/\" >\n\t\t\t\tWorkLine\t\t\t<\/a>\n\t\t<\/h3>\n\t\t\t\t<div class=\"elementor-post__excerpt\">\n\t\t\t<p>Serie WorkLine Outdoor-Serie im metrischen Geh\u00e4usema\u00df Eine Serie f\u00fcr alle Pitches 3,91mm &#8211; 10,42mm Rasterma\u00df 250 x 500mm Front- &amp; Rear-Service Besonders robuste &amp; kosteneffiziente<\/p>\n\t\t<\/div>\n\t\t\n\t\t<a class=\"elementor-post__read-more\" href=\"https:\/\/www.screen-experts.de\/en\/led-screens\/outdoor\/workline\/\" aria-label=\"Read more about WorkLine\" tabindex=\"-1\" >\n\t\t\tWeiterlesen \u00bb\t\t<\/a>\n\n\t\t\t\t<\/div>\n\t\t\t\t\t<\/div>\n\t\t<\/article>\n\t\t\t\t<article class=\"elementor-post elementor-grid-item post-15644 page type-page status-publish hentry\" role=\"listitem\">\n\t\t\t<div class=\"elementor-post__card\">\n\t\t\t\t<div class=\"elementor-post__text\">\n\t\t\t\t<h3 class=\"elementor-post__title\">\n\t\t\t<a href=\"https:\/\/www.screen-experts.de\/en\/produkte\/firstnonflammableledscreen\/wird-brandschutz-benoetigt\/\" >\n\t\t\t\tIs fire protection needed?\t\t\t<\/a>\n\t\t<\/h3>\n\t\t\t\t<div class=\"elementor-post__excerpt\">\n\t\t\t<p>LED Screenswird Brandschutz ben\u00f6tigt?LED-Screens richtig bewerten Einsch\u00e4tzung Brandschutz bei LED Screens Ben\u00f6tigen LED Screens &#8222;Brandschutz&#8220;? M\u00fcssen LED Screens ein definiertes normkonformes Brandverhalten haben? \u00a0 Wird<\/p>\n\t\t<\/div>\n\t\t\n\t\t<a class=\"elementor-post__read-more\" href=\"https:\/\/www.screen-experts.de\/en\/produkte\/firstnonflammableledscreen\/wird-brandschutz-benoetigt\/\" aria-label=\"Read more about Wird Brandschutz ben\u00f6tigt?\" tabindex=\"-1\" >\n\t\t\tWeiterlesen \u00bb\t\t<\/a>\n\n\t\t\t\t<\/div>\n\t\t\t\t\t<\/div>\n\t\t<\/article>\n\t\t\t\t<article class=\"elementor-post elementor-grid-item post-11732 page type-page status-publish hentry\" role=\"listitem\">\n\t\t\t<div class=\"elementor-post__card\">\n\t\t\t\t<div class=\"elementor-post__text\">\n\t\t\t\t<h3 class=\"elementor-post__title\">\n\t\t\t<a href=\"https:\/\/www.screen-experts.de\/en\/auswahl-led\/werbebildschirm\/\" >\n\t\t\t\tAdvertising screen\t\t\t<\/a>\n\t\t<\/h3>\n\t\t\t\t<div class=\"elementor-post__excerpt\">\n\t\t\t<p>Screen expertsWerbebildschirm Ihre Werbung auf unserem Bildschirm! WAS IST EIN WERBEBILDSCHIRM? Ein digitaler Werbebildschirm, ist ein LED Bildschirm f\u00fcr Werbung. Ein digitaler Werbebildschirm ist ideal,<\/p>\n\t\t<\/div>\n\t\t\n\t\t<a class=\"elementor-post__read-more\" href=\"https:\/\/www.screen-experts.de\/en\/auswahl-led\/werbebildschirm\/\" aria-label=\"Read more about Werbebildschirm\" tabindex=\"-1\" >\n\t\t\tWeiterlesen \u00bb\t\t<\/a>\n\n\t\t\t\t<\/div>\n\t\t\t\t\t<\/div>\n\t\t<\/article>\n\t\t\t\t<article class=\"elementor-post elementor-grid-item post-16188 page type-page status-publish hentry\" role=\"listitem\">\n\t\t\t<div class=\"elementor-post__card\">\n\t\t\t\t<div class=\"elementor-post__text\">\n\t\t\t\t<h3 class=\"elementor-post__title\">\n\t\t\t<a href=\"https:\/\/www.screen-experts.de\/en\/produkte\/firstnonflammableledscreen\/welche-anforderungen-gelten-wo\/\" >\n\t\t\t\tWhich requirements apply where?\t\t\t<\/a>\n\t\t<\/h3>\n\t\t\t\t<div class=\"elementor-post__excerpt\">\n\t\t\t<p>LED ScreensWas Brauche ich wo?LED-Screens richtig bewerten Einsch\u00e4tzung Welches Brandverhalten wird wo ben\u00f6tigt? Kurz\u00fcbersicht \u00fcber gesetzliche Anforderungen Welches Brandverhalten ist wo gefordert? Der nachfolgende Abschnitt<\/p>\n\t\t<\/div>\n\t\t\n\t\t<a class=\"elementor-post__read-more\" href=\"https:\/\/www.screen-experts.de\/en\/produkte\/firstnonflammableledscreen\/welche-anforderungen-gelten-wo\/\" aria-label=\"Read more about Welche Anforderungen gelten wo?\" tabindex=\"-1\" >\n\t\t\tWeiterlesen \u00bb\t\t<\/a>\n\n\t\t\t\t<\/div>\n\t\t\t\t\t<\/div>\n\t\t<\/article>\n\t\t\t\t<article class=\"elementor-post elementor-grid-item post-7076 page type-page status-publish hentry\" role=\"listitem\">\n\t\t\t<div class=\"elementor-post__card\">\n\t\t\t\t<div class=\"elementor-post__text\">\n\t\t\t\t<h3 class=\"elementor-post__title\">\n\t\t\t<a href=\"https:\/\/www.screen-experts.de\/en\/produkte\/unterkonstruktion\/\" >\n\t\t\t\tSubstructure\t\t\t<\/a>\n\t\t<\/h3>\n\t\t\t\t<div class=\"elementor-post__excerpt\">\n\t\t\t<p>Screen expertsUNTERKONSTRUKTIONENF\u00fcr indoor- und outdoor-Anwendungen Unterkonstruktion Stahl \/ Aluminium F\u00fcr Innenanwendungen F\u00fcr Au\u00dfenanwendungen Individuelle Anfertigung Systeml\u00f6sungen Nach DIN\/EN1090 Unsere eigens entwickelten Systeml\u00f6sungen erm\u00f6glichen eine optimale<\/p>\n\t\t<\/div>\n\t\t\n\t\t<a class=\"elementor-post__read-more\" href=\"https:\/\/www.screen-experts.de\/en\/produkte\/unterkonstruktion\/\" aria-label=\"Read more about Unterkonstruktion\" tabindex=\"-1\" >\n\t\t\tWeiterlesen \u00bb\t\t<\/a>\n\n\t\t\t\t<\/div>\n\t\t\t\t\t<\/div>\n\t\t<\/article>\n\t\t\t\t<article class=\"elementor-post elementor-grid-item post-6303 page type-page status-publish hentry\" role=\"listitem\">\n\t\t\t<div class=\"elementor-post__card\">\n\t\t\t\t<div class=\"elementor-post__text\">\n\t\t\t\t<h3 class=\"elementor-post__title\">\n\t\t\t<a href=\"https:\/\/www.screen-experts.de\/en\/led-screens\/outdoor\/ultraline\/\" >\n\t\t\t\tUltraLine\t\t\t<\/a>\n\t\t<\/h3>\n\t\t\t\t<div class=\"elementor-post__excerpt\">\n\t\t\t<p>Serie UltraLine Outdoor-Serie Pitch von 6,82mm &#8211; 16,67mm Rasterma\u00df 300 x 300mm Front- &amp; Rear-Service Hohe Helligkeit durch Common Cathode Technologie Einzige outdoor-Serie verf\u00fcgbar als<\/p>\n\t\t<\/div>\n\t\t\n\t\t<a class=\"elementor-post__read-more\" href=\"https:\/\/www.screen-experts.de\/en\/led-screens\/outdoor\/ultraline\/\" aria-label=\"Read more about UltraLine\" tabindex=\"-1\" >\n\t\t\tWeiterlesen \u00bb\t\t<\/a>\n\n\t\t\t\t<\/div>\n\t\t\t\t\t<\/div>\n\t\t<\/article>\n\t\t\t\t<\/div>\n\t\t\n\t\t\t\t\t\t<\/div>\n\t\t\t\t<\/div>\n\t\t\t\t\t<\/div>\n\t\t<\/div>\n\t\t\t\t\t<\/div>\n\t\t<\/section>\n\t\t\t\t<section class=\"elementor-section elementor-top-section elementor-element elementor-element-8619b38 elementor-section-boxed elementor-section-height-default elementor-section-height-default\" data-id=\"8619b38\" data-element_type=\"section\" data-e-type=\"section\">\n\t\t\t\t\t\t<div class=\"elementor-container elementor-column-gap-default\">\n\t\t\t\t\t<div class=\"elementor-column elementor-col-100 elementor-top-column elementor-element elementor-element-2bb2daa\" data-id=\"2bb2daa\" data-element_type=\"column\" data-e-type=\"column\">\n\t\t\t<div class=\"elementor-widget-wrap elementor-element-populated\">\n\t\t\t\t\t\t<div class=\"elementor-element elementor-element-3fa9ac6 elementor-widget elementor-widget-spacer\" data-id=\"3fa9ac6\" data-element_type=\"widget\" data-e-type=\"widget\" data-widget_type=\"spacer.default\">\n\t\t\t\t<div class=\"elementor-widget-container\">\n\t\t\t\t\t\t\t<div class=\"elementor-spacer\">\n\t\t\t<div class=\"elementor-spacer-inner\"><\/div>\n\t\t<\/div>\n\t\t\t\t\t\t<\/div>\n\t\t\t\t<\/div>\n\t\t\t\t\t<\/div>\n\t\t<\/div>\n\t\t\t\t\t<\/div>\n\t\t<\/section>\n\t\t\t\t<section class=\"elementor-section elementor-top-section elementor-element elementor-element-64c08fd elementor-section-boxed elementor-section-height-default elementor-section-height-default\" data-id=\"64c08fd\" data-element_type=\"section\" data-e-type=\"section\">\n\t\t\t\t\t\t<div class=\"elementor-container elementor-column-gap-default\">\n\t\t\t\t\t<div class=\"elementor-column elementor-col-100 elementor-top-column elementor-element elementor-element-29b227e\" data-id=\"29b227e\" data-element_type=\"column\" data-e-type=\"column\">\n\t\t\t<div class=\"elementor-widget-wrap elementor-element-populated\">\n\t\t\t\t\t\t<div class=\"elementor-element elementor-element-cae0152 elementor-widget-divider--view-line elementor-widget elementor-widget-divider\" data-id=\"cae0152\" data-element_type=\"widget\" data-e-type=\"widget\" data-widget_type=\"divider.default\">\n\t\t\t\t<div class=\"elementor-widget-container\">\n\t\t\t\t\t\t\t<div class=\"elementor-divider\">\n\t\t\t<span class=\"elementor-divider-separator\">\n\t\t\t\t\t\t<\/span>\n\t\t<\/div>\n\t\t\t\t\t\t<\/div>\n\t\t\t\t<\/div>\n\t\t\t\t\t<\/div>\n\t\t<\/div>\n\t\t\t\t\t<\/div>\n\t\t<\/section>\n\t\t\t\t<\/div>","protected":false},"excerpt":{"rendered":"<p>Screen expertsLED BildschirmDie SCREEN EXPERTS GmbH stattet ihre Kunden mit professionellen LED-Bildschirmen aus. Ihr Ratgeber f\u00fcr&#8230;<\/p>","protected":false},"author":9,"featured_media":0,"parent":11243,"menu_order":0,"comment_status":"closed","ping_status":"closed","template":"","meta":{"footnotes":""},"folder":[],"class_list":["post-13019","page","type-page","status-publish","hentry"],"yoast_head":"<!-- This site is optimized with the Yoast SEO plugin v27.5 - https:\/\/yoast.com\/product\/yoast-seo-wordpress\/ -->\n<title>Screen Experts | Next Generation Premium Screens<\/title>\n<meta name=\"robots\" content=\"index, follow, max-snippet:-1, max-image-preview:large, max-video-preview:-1\" \/>\n<link rel=\"canonical\" href=\"https:\/\/www.screen-experts.de\/en\/auswahl-led\/ratgeber\/\" \/>\n<meta property=\"og:locale\" content=\"en_US\" \/>\n<meta property=\"og:type\" content=\"article\" \/>\n<meta property=\"og:title\" content=\"Screen Experts | Next Generation Premium Screens\" \/>\n<meta property=\"og:description\" content=\"Screen expertsLED BildschirmDie SCREEN EXPERTS GmbH stattet ihre Kunden mit professionellen LED-Bildschirmen aus. Ihr Ratgeber f\u00fcr&#8230;\" \/>\n<meta property=\"og:url\" content=\"https:\/\/www.screen-experts.de\/en\/auswahl-led\/ratgeber\/\" \/>\n<meta property=\"og:site_name\" content=\"Screen Experts\" \/>\n<meta property=\"article:modified_time\" content=\"2024-01-08T19:42:38+00:00\" \/>\n<meta property=\"og:image\" content=\"https:\/\/www.screen-experts.de\/wp-content\/uploads\/ScreenExperts_Logo_rund.png\" \/>\n<meta name=\"twitter:card\" content=\"summary_large_image\" \/>\n<meta name=\"twitter:label1\" content=\"Est. reading time\" \/>\n\t<meta name=\"twitter:data1\" content=\"2 minutes\" \/>\n<script type=\"application\/ld+json\" class=\"yoast-schema-graph\">{\"@context\":\"https:\\\/\\\/schema.org\",\"@graph\":[{\"@type\":\"WebPage\",\"@id\":\"https:\\\/\\\/www.screen-experts.de\\\/auswahl-led\\\/ratgeber\\\/\",\"url\":\"https:\\\/\\\/www.screen-experts.de\\\/auswahl-led\\\/ratgeber\\\/\",\"name\":\"Screen Experts | Next Generation Premium Screens\",\"isPartOf\":{\"@id\":\"https:\\\/\\\/www.screen-experts.de\\\/#website\"},\"primaryImageOfPage\":{\"@id\":\"https:\\\/\\\/www.screen-experts.de\\\/auswahl-led\\\/ratgeber\\\/#primaryimage\"},\"image\":{\"@id\":\"https:\\\/\\\/www.screen-experts.de\\\/auswahl-led\\\/ratgeber\\\/#primaryimage\"},\"thumbnailUrl\":\"https:\\\/\\\/www.screen-experts.de\\\/wp-content\\\/uploads\\\/ScreenExperts_Logo_rund.png\",\"datePublished\":\"2023-07-31T21:46:11+00:00\",\"dateModified\":\"2024-01-08T19:42:38+00:00\",\"breadcrumb\":{\"@id\":\"https:\\\/\\\/www.screen-experts.de\\\/auswahl-led\\\/ratgeber\\\/#breadcrumb\"},\"inLanguage\":\"en-US\",\"potentialAction\":[{\"@type\":\"ReadAction\",\"target\":[\"https:\\\/\\\/www.screen-experts.de\\\/auswahl-led\\\/ratgeber\\\/\"]}]},{\"@type\":\"ImageObject\",\"inLanguage\":\"en-US\",\"@id\":\"https:\\\/\\\/www.screen-experts.de\\\/auswahl-led\\\/ratgeber\\\/#primaryimage\",\"url\":\"https:\\\/\\\/www.screen-experts.de\\\/wp-content\\\/uploads\\\/ScreenExperts_Logo_rund.png\",\"contentUrl\":\"https:\\\/\\\/www.screen-experts.de\\\/wp-content\\\/uploads\\\/ScreenExperts_Logo_rund.png\"},{\"@type\":\"BreadcrumbList\",\"@id\":\"https:\\\/\\\/www.screen-experts.de\\\/auswahl-led\\\/ratgeber\\\/#breadcrumb\",\"itemListElement\":[{\"@type\":\"ListItem\",\"position\":1,\"name\":\"Auswahl LED\",\"item\":\"https:\\\/\\\/www.screen-experts.de\\\/auswahl-led\\\/\"},{\"@type\":\"ListItem\",\"position\":2,\"name\":\"Ratgeber\"}]},{\"@type\":\"WebSite\",\"@id\":\"https:\\\/\\\/www.screen-experts.de\\\/#website\",\"url\":\"https:\\\/\\\/www.screen-experts.de\\\/\",\"name\":\"Screen Experts\",\"description\":\"LED und LCD Gro\u00dfbildschirme\",\"publisher\":{\"@id\":\"https:\\\/\\\/www.screen-experts.de\\\/#organization\"},\"potentialAction\":[{\"@type\":\"SearchAction\",\"target\":{\"@type\":\"EntryPoint\",\"urlTemplate\":\"https:\\\/\\\/www.screen-experts.de\\\/?s={search_term_string}\"},\"query-input\":{\"@type\":\"PropertyValueSpecification\",\"valueRequired\":true,\"valueName\":\"search_term_string\"}}],\"inLanguage\":\"en-US\"},{\"@type\":\"Organization\",\"@id\":\"https:\\\/\\\/www.screen-experts.de\\\/#organization\",\"name\":\"Screen Experts\",\"url\":\"https:\\\/\\\/www.screen-experts.de\\\/\",\"logo\":{\"@type\":\"ImageObject\",\"inLanguage\":\"en-US\",\"@id\":\"https:\\\/\\\/www.screen-experts.de\\\/#\\\/schema\\\/logo\\\/image\\\/\",\"url\":\"https:\\\/\\\/www.screen-experts.de\\\/wp-content\\\/uploads\\\/screen-experts-website-logo.png\",\"contentUrl\":\"https:\\\/\\\/www.screen-experts.de\\\/wp-content\\\/uploads\\\/screen-experts-website-logo.png\",\"width\":1237,\"height\":435,\"caption\":\"Screen Experts\"},\"image\":{\"@id\":\"https:\\\/\\\/www.screen-experts.de\\\/#\\\/schema\\\/logo\\\/image\\\/\"}}]}<\/script>\n<!-- \/ Yoast SEO plugin. -->","yoast_head_json":{"title":"Screen Experts | Next Generation Premium Screens","robots":{"index":"index","follow":"follow","max-snippet":"max-snippet:-1","max-image-preview":"max-image-preview:large","max-video-preview":"max-video-preview:-1"},"canonical":"https:\/\/www.screen-experts.de\/en\/auswahl-led\/ratgeber\/","og_locale":"en_US","og_type":"article","og_title":"Screen Experts | Next Generation Premium Screens","og_description":"Screen expertsLED BildschirmDie SCREEN EXPERTS GmbH stattet ihre Kunden mit professionellen LED-Bildschirmen aus. Ihr Ratgeber f\u00fcr&#8230;","og_url":"https:\/\/www.screen-experts.de\/en\/auswahl-led\/ratgeber\/","og_site_name":"Screen Experts","article_modified_time":"2024-01-08T19:42:38+00:00","og_image":[{"url":"https:\/\/www.screen-experts.de\/wp-content\/uploads\/ScreenExperts_Logo_rund.png","type":"","width":"","height":""}],"twitter_card":"summary_large_image","twitter_misc":{"Est. reading time":"2 minutes"},"schema":{"@context":"https:\/\/schema.org","@graph":[{"@type":"WebPage","@id":"https:\/\/www.screen-experts.de\/auswahl-led\/ratgeber\/","url":"https:\/\/www.screen-experts.de\/auswahl-led\/ratgeber\/","name":"Screen Experts | Next Generation Premium Screens","isPartOf":{"@id":"https:\/\/www.screen-experts.de\/#website"},"primaryImageOfPage":{"@id":"https:\/\/www.screen-experts.de\/auswahl-led\/ratgeber\/#primaryimage"},"image":{"@id":"https:\/\/www.screen-experts.de\/auswahl-led\/ratgeber\/#primaryimage"},"thumbnailUrl":"https:\/\/www.screen-experts.de\/wp-content\/uploads\/ScreenExperts_Logo_rund.png","datePublished":"2023-07-31T21:46:11+00:00","dateModified":"2024-01-08T19:42:38+00:00","breadcrumb":{"@id":"https:\/\/www.screen-experts.de\/auswahl-led\/ratgeber\/#breadcrumb"},"inLanguage":"en-US","potentialAction":[{"@type":"ReadAction","target":["https:\/\/www.screen-experts.de\/auswahl-led\/ratgeber\/"]}]},{"@type":"ImageObject","inLanguage":"en-US","@id":"https:\/\/www.screen-experts.de\/auswahl-led\/ratgeber\/#primaryimage","url":"https:\/\/www.screen-experts.de\/wp-content\/uploads\/ScreenExperts_Logo_rund.png","contentUrl":"https:\/\/www.screen-experts.de\/wp-content\/uploads\/ScreenExperts_Logo_rund.png"},{"@type":"BreadcrumbList","@id":"https:\/\/www.screen-experts.de\/auswahl-led\/ratgeber\/#breadcrumb","itemListElement":[{"@type":"ListItem","position":1,"name":"Auswahl LED","item":"https:\/\/www.screen-experts.de\/auswahl-led\/"},{"@type":"ListItem","position":2,"name":"Ratgeber"}]},{"@type":"WebSite","@id":"https:\/\/www.screen-experts.de\/#website","url":"https:\/\/www.screen-experts.de\/","name":"Screen Experts","description":"LED und LCD Gro\u00dfbildschirme","publisher":{"@id":"https:\/\/www.screen-experts.de\/#organization"},"potentialAction":[{"@type":"SearchAction","target":{"@type":"EntryPoint","urlTemplate":"https:\/\/www.screen-experts.de\/?s={search_term_string}"},"query-input":{"@type":"PropertyValueSpecification","valueRequired":true,"valueName":"search_term_string"}}],"inLanguage":"en-US"},{"@type":"Organization","@id":"https:\/\/www.screen-experts.de\/#organization","name":"Screen Experts","url":"https:\/\/www.screen-experts.de\/","logo":{"@type":"ImageObject","inLanguage":"en-US","@id":"https:\/\/www.screen-experts.de\/#\/schema\/logo\/image\/","url":"https:\/\/www.screen-experts.de\/wp-content\/uploads\/screen-experts-website-logo.png","contentUrl":"https:\/\/www.screen-experts.de\/wp-content\/uploads\/screen-experts-website-logo.png","width":1237,"height":435,"caption":"Screen Experts"},"image":{"@id":"https:\/\/www.screen-experts.de\/#\/schema\/logo\/image\/"}}]}},"_links":{"self":[{"href":"https:\/\/www.screen-experts.de\/en\/wp-json\/wp\/v2\/pages\/13019","targetHints":{"allow":["GET"]}}],"collection":[{"href":"https:\/\/www.screen-experts.de\/en\/wp-json\/wp\/v2\/pages"}],"about":[{"href":"https:\/\/www.screen-experts.de\/en\/wp-json\/wp\/v2\/types\/page"}],"author":[{"embeddable":true,"href":"https:\/\/www.screen-experts.de\/en\/wp-json\/wp\/v2\/users\/9"}],"replies":[{"embeddable":true,"href":"https:\/\/www.screen-experts.de\/en\/wp-json\/wp\/v2\/comments?post=13019"}],"version-history":[{"count":10,"href":"https:\/\/www.screen-experts.de\/en\/wp-json\/wp\/v2\/pages\/13019\/revisions"}],"predecessor-version":[{"id":13487,"href":"https:\/\/www.screen-experts.de\/en\/wp-json\/wp\/v2\/pages\/13019\/revisions\/13487"}],"up":[{"embeddable":true,"href":"https:\/\/www.screen-experts.de\/en\/wp-json\/wp\/v2\/pages\/11243"}],"wp:attachment":[{"href":"https:\/\/www.screen-experts.de\/en\/wp-json\/wp\/v2\/media?parent=13019"}],"wp:term":[{"taxonomy":"folder","embeddable":true,"href":"https:\/\/www.screen-experts.de\/en\/wp-json\/wp\/v2\/folder?post=13019"}],"curies":[{"name":"wp","href":"https:\/\/api.w.org\/{rel}","templated":true}]}}