{"id":11565,"date":"2023-04-04T11:37:47","date_gmt":"2023-04-04T09:37:47","guid":{"rendered":"https:\/\/www.screen-experts.de\/?page_id=11565"},"modified":"2025-02-07T13:14:48","modified_gmt":"2025-02-07T12:14:48","slug":"test-dunkler-footer","status":"publish","type":"page","link":"https:\/\/www.screen-experts.de\/en\/test-dunkler-footer\/","title":{"rendered":"Test &#8211; Dunkler Footer"},"content":{"rendered":"<div data-elementor-type=\"wp-page\" data-elementor-id=\"11565\" class=\"elementor elementor-11565\" data-elementor-post-type=\"page\">\n\t\t\t\t\t\t<section class=\"elementor-section elementor-top-section elementor-element elementor-element-9d5ce4d elementor-section-full_width elementor-section-height-default elementor-section-height-default\" data-id=\"9d5ce4d\" data-element_type=\"section\" data-e-type=\"section\" id=\"slider\">\n\t\t\t\t\t\t<div class=\"elementor-container elementor-column-gap-default\">\n\t\t\t\t\t<div class=\"elementor-column elementor-col-100 elementor-top-column elementor-element elementor-element-47a124c\" data-id=\"47a124c\" data-element_type=\"column\" data-e-type=\"column\">\n\t\t\t<div class=\"elementor-widget-wrap elementor-element-populated\">\n\t\t\t\t\t\t<div class=\"elementor-element elementor-element-7b00cf8 elementor--h-position-left elementor--v-position-bottom elementor-arrows-position-inside elementor-widget elementor-widget-slides\" data-id=\"7b00cf8\" data-element_type=\"widget\" data-e-type=\"widget\" data-settings=\"{&quot;navigation&quot;:&quot;arrows&quot;,&quot;autoplay&quot;:&quot;yes&quot;,&quot;pause_on_hover&quot;:&quot;yes&quot;,&quot;pause_on_interaction&quot;:&quot;yes&quot;,&quot;autoplay_speed&quot;:5000,&quot;infinite&quot;:&quot;yes&quot;,&quot;transition&quot;:&quot;slide&quot;,&quot;transition_speed&quot;:500}\" data-widget_type=\"slides.default\">\n\t\t\t\t<div class=\"elementor-widget-container\">\n\t\t\t\t\t\t\t\t\t<div class=\"elementor-swiper\">\n\t\t\t\t\t<div class=\"elementor-slides-wrapper elementor-main-swiper swiper\" role=\"region\" aria-roledescription=\"carousel\" aria-label=\"Slider\" dir=\"ltr\" data-animation=\"fadeInUp\">\n\t\t\t\t<div class=\"swiper-wrapper elementor-slides\">\n\t\t\t\t\t\t\t\t\t\t<div class=\"elementor-repeater-item-b0e327d swiper-slide\" role=\"group\" aria-roledescription=\"slide\"><div class=\"swiper-slide-bg\" role=\"img\" aria-label=\"dav\"><\/div><a class=\"swiper-slide-inner\" href=\"#\"><div class=\"swiper-slide-contents\"><div class=\"elementor-slide-heading\"><span>Screen experts<\/span><br>Building Permit<\/div><div class=\"elementor-slide-description\">LED screens legal setup<\/div><\/div><\/a><\/div>\t\t\t\t<\/div>\n\t\t\t\t\t\t\t<\/div>\n\t\t\t\t<\/div>\n\t\t\t\t\t\t\t\t<\/div>\n\t\t\t\t<\/div>\n\t\t\t\t\t<\/div>\n\t\t<\/div>\n\t\t\t\t\t<\/div>\n\t\t<\/section>\n\t\t\t\t<section class=\"elementor-section elementor-top-section elementor-element elementor-element-d4fe5c5 no-click elementor-section-boxed elementor-section-height-default elementor-section-height-default\" data-id=\"d4fe5c5\" data-element_type=\"section\" data-e-type=\"section\">\n\t\t\t\t\t\t<div class=\"elementor-container elementor-column-gap-default\">\n\t\t\t\t\t<div class=\"elementor-column elementor-col-100 elementor-top-column elementor-element elementor-element-b01079e\" data-id=\"b01079e\" data-element_type=\"column\" data-e-type=\"column\">\n\t\t\t<div class=\"elementor-widget-wrap elementor-element-populated\">\n\t\t\t\t\t\t<div class=\"elementor-element elementor-element-0592829 elementor-absolute no-click elementor-widget elementor-widget-image\" data-id=\"0592829\" data-element_type=\"widget\" data-e-type=\"widget\" data-settings=\"{&quot;_position&quot;:&quot;absolute&quot;}\" data-widget_type=\"image.default\">\n\t\t\t\t<div class=\"elementor-widget-container\">\n\t\t\t\t\t\t\t\t\t\t\t\t\t\t\t<img fetchpriority=\"high\" decoding=\"async\" width=\"1000\" height=\"1000\" src=\"https:\/\/www.screen-experts.de\/wp-content\/uploads\/ScreenExperts_Logo_rund.png\" class=\"attachment-full size-full wp-image-6726\" alt=\"\" srcset=\"https:\/\/www.screen-experts.de\/wp-content\/uploads\/ScreenExperts_Logo_rund.png 1000w, https:\/\/www.screen-experts.de\/wp-content\/uploads\/ScreenExperts_Logo_rund-300x300.png 300w, https:\/\/www.screen-experts.de\/wp-content\/uploads\/ScreenExperts_Logo_rund-150x150.png 150w, https:\/\/www.screen-experts.de\/wp-content\/uploads\/ScreenExperts_Logo_rund-768x768.png 768w\" sizes=\"(max-width: 1000px) 100vw, 1000px\" \/>\t\t\t\t\t\t\t\t\t\t\t\t\t\t\t<\/div>\n\t\t\t\t<\/div>\n\t\t\t\t\t<\/div>\n\t\t<\/div>\n\t\t\t\t\t<\/div>\n\t\t<\/section>\n\t\t\t\t<section class=\"elementor-section elementor-top-section elementor-element elementor-element-c072d31 elementor-section-boxed elementor-section-height-default elementor-section-height-default\" data-id=\"c072d31\" data-element_type=\"section\" data-e-type=\"section\">\n\t\t\t\t\t\t<div class=\"elementor-container elementor-column-gap-default\">\n\t\t\t\t\t<div class=\"elementor-column elementor-col-50 elementor-top-column elementor-element elementor-element-c7ecc27\" data-id=\"c7ecc27\" data-element_type=\"column\" data-e-type=\"column\">\n\t\t\t<div class=\"elementor-widget-wrap elementor-element-populated\">\n\t\t\t\t\t\t<div class=\"elementor-element elementor-element-b2e0c16 elementor-widget elementor-widget-text-editor\" data-id=\"b2e0c16\" data-element_type=\"widget\" data-e-type=\"widget\" data-widget_type=\"text-editor.default\">\n\t\t\t\t<div class=\"elementor-widget-container\">\n\t\t\t\t\t\t\t\t\t<p>Accompaniment<\/p>\t\t\t\t\t\t\t\t<\/div>\n\t\t\t\t<\/div>\n\t\t\t\t<div class=\"elementor-element elementor-element-da47690 elementor-widget elementor-widget-heading\" data-id=\"da47690\" data-element_type=\"widget\" data-e-type=\"widget\" data-widget_type=\"heading.default\">\n\t\t\t\t<div class=\"elementor-widget-container\">\n\t\t\t\t\t<h1 class=\"elementor-heading-title elementor-size-default\">Building Permit<\/h1>\t\t\t\t<\/div>\n\t\t\t\t<\/div>\n\t\t\t\t<div class=\"elementor-element elementor-element-df391fd elementor-icon-list--layout-traditional elementor-list-item-link-full_width elementor-widget elementor-widget-icon-list\" data-id=\"df391fd\" data-element_type=\"widget\" data-e-type=\"widget\" data-widget_type=\"icon-list.default\">\n\t\t\t\t<div class=\"elementor-widget-container\">\n\t\t\t\t\t\t\t<ul class=\"elementor-icon-list-items\">\n\t\t\t\t\t\t\t<li class=\"elementor-icon-list-item\">\n\t\t\t\t\t\t\t\t\t\t\t<span class=\"elementor-icon-list-icon\">\n\t\t\t\t\t\t\t<i aria-hidden=\"true\" class=\"fas fa-circle\"><\/i>\t\t\t\t\t\t<\/span>\n\t\t\t\t\t\t\t\t\t\t<span class=\"elementor-icon-list-text\">Assessment of the permissibility of your potential location<\/span>\n\t\t\t\t\t\t\t\t\t<\/li>\n\t\t\t\t\t\t\t\t<li class=\"elementor-icon-list-item\">\n\t\t\t\t\t\t\t\t\t\t\t<span class=\"elementor-icon-list-icon\">\n\t\t\t\t\t\t\t<i aria-hidden=\"true\" class=\"fas fa-circle\"><\/i>\t\t\t\t\t\t<\/span>\n\t\t\t\t\t\t\t\t\t\t<span class=\"elementor-icon-list-text\">Preparation of the necessary building application documents<\/span>\n\t\t\t\t\t\t\t\t\t<\/li>\n\t\t\t\t\t\t\t\t<li class=\"elementor-icon-list-item\">\n\t\t\t\t\t\t\t\t\t\t\t<span class=\"elementor-icon-list-icon\">\n\t\t\t\t\t\t\t<i aria-hidden=\"true\" class=\"fas fa-circle\"><\/i>\t\t\t\t\t\t<\/span>\n\t\t\t\t\t\t\t\t\t\t<span class=\"elementor-icon-list-text\">Support during the building application process<\/span>\n\t\t\t\t\t\t\t\t\t<\/li>\n\t\t\t\t\t\t\t\t<li class=\"elementor-icon-list-item\">\n\t\t\t\t\t\t\t\t\t\t\t<span class=\"elementor-icon-list-icon\">\n\t\t\t\t\t\t\t<i aria-hidden=\"true\" class=\"fas fa-circle\"><\/i>\t\t\t\t\t\t<\/span>\n\t\t\t\t\t\t\t\t\t\t<span class=\"elementor-icon-list-text\">Early avoidance of impediments to the building permit process <\/span>\n\t\t\t\t\t\t\t\t\t<\/li>\n\t\t\t\t\t\t<\/ul>\n\t\t\t\t\t\t<\/div>\n\t\t\t\t<\/div>\n\t\t\t\t\t<\/div>\n\t\t<\/div>\n\t\t\t\t<div class=\"elementor-column elementor-col-50 elementor-top-column elementor-element elementor-element-15594b8\" data-id=\"15594b8\" data-element_type=\"column\" data-e-type=\"column\">\n\t\t\t<div class=\"elementor-widget-wrap elementor-element-populated\">\n\t\t\t\t\t\t<div class=\"elementor-element elementor-element-477f20d img-product elementor-invisible elementor-widget elementor-widget-image\" data-id=\"477f20d\" data-element_type=\"widget\" data-e-type=\"widget\" data-settings=\"{&quot;_animation&quot;:&quot;slideInRight&quot;}\" data-widget_type=\"image.default\">\n\t\t\t\t<div class=\"elementor-widget-container\">\n\t\t\t\t\t\t\t\t\t\t\t\t\t\t\t<img decoding=\"async\" width=\"100\" height=\"100\" src=\"https:\/\/www.screen-experts.de\/wp-content\/uploads\/genehmigung.svg\" class=\"attachment-full size-full wp-image-8119\" alt=\"\" \/>\t\t\t\t\t\t\t\t\t\t\t\t\t\t\t<\/div>\n\t\t\t\t<\/div>\n\t\t\t\t\t<\/div>\n\t\t<\/div>\n\t\t\t\t\t<\/div>\n\t\t<\/section>\n\t\t\t\t<section class=\"elementor-section elementor-top-section elementor-element elementor-element-68b3b37 elementor-section-boxed elementor-section-height-default elementor-section-height-default\" data-id=\"68b3b37\" data-element_type=\"section\" data-e-type=\"section\">\n\t\t\t\t\t\t<div class=\"elementor-container elementor-column-gap-default\">\n\t\t\t\t\t<div class=\"elementor-column elementor-col-50 elementor-top-column elementor-element elementor-element-d4b6306\" data-id=\"d4b6306\" data-element_type=\"column\" data-e-type=\"column\">\n\t\t\t<div class=\"elementor-widget-wrap elementor-element-populated\">\n\t\t\t\t\t\t<div class=\"elementor-element elementor-element-d2428c0 img-product elementor-invisible elementor-widget elementor-widget-image\" data-id=\"d2428c0\" data-element_type=\"widget\" data-e-type=\"widget\" data-settings=\"{&quot;_animation&quot;:&quot;slideInLeft&quot;}\" data-widget_type=\"image.default\">\n\t\t\t\t<div class=\"elementor-widget-container\">\n\t\t\t\t\t\t\t\t\t\t\t\t\t\t\t<img decoding=\"async\" src=\"https:\/\/www.screen-experts.de\/wp-content\/uploads\/elementor\/thumbs\/IMG_20220225_123958-pl14ey2cg9xh45zwqueqlw3z9tw7iim9opgtclx6gs.jpg\" title=\"dav\" alt=\"dav\" loading=\"lazy\" \/>\t\t\t\t\t\t\t\t\t\t\t\t\t\t\t<\/div>\n\t\t\t\t<\/div>\n\t\t\t\t\t<\/div>\n\t\t<\/div>\n\t\t\t\t<div class=\"elementor-column elementor-col-50 elementor-top-column elementor-element elementor-element-4f3a03e\" data-id=\"4f3a03e\" data-element_type=\"column\" data-e-type=\"column\">\n\t\t\t<div class=\"elementor-widget-wrap elementor-element-populated\">\n\t\t\t\t\t\t<div class=\"elementor-element elementor-element-05bea99 elementor-widget elementor-widget-text-editor\" data-id=\"05bea99\" data-element_type=\"widget\" data-e-type=\"widget\" data-widget_type=\"text-editor.default\">\n\t\t\t\t<div class=\"elementor-widget-container\">\n\t\t\t\t\t\t\t\t\t<p>LED screens, shop window LCDs and many other advertising screens are generally subject to approval under the relevant state building regulations. This also applies if they are used exclusively for self-advertising. It is often a challenge to obtain the necessary building permits, especially for construction projects on busy roads and in highly frequented inner-city locations.<\/p>\t\t\t\t\t\t\t\t<\/div>\n\t\t\t\t<\/div>\n\t\t\t\t\t<\/div>\n\t\t<\/div>\n\t\t\t\t\t<\/div>\n\t\t<\/section>\n\t\t\t\t<section class=\"elementor-section elementor-top-section elementor-element elementor-element-9b1a905 elementor-section-boxed elementor-section-height-default elementor-section-height-default\" data-id=\"9b1a905\" data-element_type=\"section\" data-e-type=\"section\">\n\t\t\t\t\t\t<div class=\"elementor-container elementor-column-gap-default\">\n\t\t\t\t\t<div class=\"elementor-column elementor-col-100 elementor-top-column elementor-element elementor-element-0ed69cc\" data-id=\"0ed69cc\" data-element_type=\"column\" data-e-type=\"column\">\n\t\t\t<div class=\"elementor-widget-wrap elementor-element-populated\">\n\t\t\t\t\t\t<div class=\"elementor-element elementor-element-652e9ab elementor-widget elementor-widget-text-editor\" data-id=\"652e9ab\" data-element_type=\"widget\" data-e-type=\"widget\" data-widget_type=\"text-editor.default\">\n\t\t\t\t<div class=\"elementor-widget-container\">\n\t\t\t\t\t\t\t\t\t<p>With many years of expertise in digital outdoor advertising (DooH), we are happy to support and accompany you in this area.<\/p><p>\u00a0<\/p><p>For an initial assessment of the approvability of your potential location, we prepare an approval analysis, considering any impediments to the granting of a building permit.<\/p><p>\u00a0<\/p><p>In support of the building application, we have developed our LSC (light sensor controller), which is used for the control and logging of LED screens at traffic-critical locations. This ensures that all relevant technical data of the LED screen is available to the approval authority at any time.<\/p><p>\u00a0<\/p><p>The light sensor (LS) designed by us has a very high sensitivity and can register even low light intensities. It communicates digitally with the light sensor controller (LSC).<\/p>\t\t\t\t\t\t\t\t<\/div>\n\t\t\t\t<\/div>\n\t\t\t\t\t<\/div>\n\t\t<\/div>\n\t\t\t\t\t<\/div>\n\t\t<\/section>\n\t\t\t\t<\/div>","protected":false},"excerpt":{"rendered":"<p>Screen expertsBaugenehmigungLED-Screens rechtssicher errichten Begleitung Baugenehmigung Einsch\u00e4tzung der Genehmigungsf\u00e4higkeit Ihres potenziellen Standortes Erstellung der notwendigen Bauantragsunterlagen Begleitung w\u00e4hrend des Bauantragsverfahrens Fr\u00fchzeitige Vermeidung von Hinderungsgr\u00fcnden bei der Baugenehmigung LED-Screens, Schaufenster-LCDs und viele weitere Werbescreens sind nach den einschl\u00e4gigen Landesbauordnungen in der Regel genehmigungspflichtig. Dies gilt auch dann, wenn sie ausschlie\u00dflich zur Eigenwerbung genutzt werden. Insbesondere bei [&hellip;]<\/p>\n","protected":false},"author":9,"featured_media":0,"parent":0,"menu_order":0,"comment_status":"closed","ping_status":"closed","template":"","meta":{"footnotes":""},"folder":[],"class_list":["post-11565","page","type-page","status-publish","hentry"],"yoast_head":"<!-- This site is optimized with the Yoast SEO plugin v27.4 - https:\/\/yoast.com\/product\/yoast-seo-wordpress\/ -->\n<title>Screen Experts | Next Generation Premium Screens<\/title>\n<meta name=\"robots\" content=\"index, follow, max-snippet:-1, max-image-preview:large, max-video-preview:-1\" \/>\n<link rel=\"canonical\" href=\"https:\/\/www.screen-experts.de\/en\/test-dunkler-footer\/\" \/>\n<meta property=\"og:locale\" content=\"en_US\" \/>\n<meta property=\"og:type\" content=\"article\" \/>\n<meta property=\"og:title\" content=\"Screen Experts | Next Generation Premium Screens\" \/>\n<meta property=\"og:description\" content=\"Screen expertsBaugenehmigungLED-Screens rechtssicher errichten Begleitung Baugenehmigung Einsch\u00e4tzung der Genehmigungsf\u00e4higkeit Ihres potenziellen Standortes Erstellung der notwendigen Bauantragsunterlagen Begleitung w\u00e4hrend des Bauantragsverfahrens Fr\u00fchzeitige Vermeidung von Hinderungsgr\u00fcnden bei der Baugenehmigung LED-Screens, Schaufenster-LCDs und viele weitere Werbescreens sind nach den einschl\u00e4gigen Landesbauordnungen in der Regel genehmigungspflichtig. Dies gilt auch dann, wenn sie ausschlie\u00dflich zur Eigenwerbung genutzt werden. Insbesondere bei [&hellip;]\" \/>\n<meta property=\"og:url\" content=\"https:\/\/www.screen-experts.de\/en\/test-dunkler-footer\/\" \/>\n<meta property=\"og:site_name\" content=\"Screen Experts\" \/>\n<meta property=\"article:modified_time\" content=\"2025-02-07T12:14:48+00:00\" \/>\n<meta property=\"og:image\" content=\"https:\/\/www.screen-experts.de\/wp-content\/uploads\/ScreenExperts_Logo_rund.png\" \/>\n\t<meta property=\"og:image:width\" content=\"1000\" \/>\n\t<meta property=\"og:image:height\" content=\"1000\" \/>\n\t<meta property=\"og:image:type\" content=\"image\/png\" \/>\n<meta name=\"twitter:card\" content=\"summary_large_image\" \/>\n<meta name=\"twitter:label1\" content=\"Est. reading time\" \/>\n\t<meta name=\"twitter:data1\" content=\"2 minutes\" \/>\n<script type=\"application\/ld+json\" class=\"yoast-schema-graph\">{\"@context\":\"https:\\\/\\\/schema.org\",\"@graph\":[{\"@type\":\"WebPage\",\"@id\":\"https:\\\/\\\/www.screen-experts.de\\\/test-dunkler-footer\\\/\",\"url\":\"https:\\\/\\\/www.screen-experts.de\\\/test-dunkler-footer\\\/\",\"name\":\"Screen Experts | Next Generation Premium Screens\",\"isPartOf\":{\"@id\":\"https:\\\/\\\/www.screen-experts.de\\\/#website\"},\"primaryImageOfPage\":{\"@id\":\"https:\\\/\\\/www.screen-experts.de\\\/test-dunkler-footer\\\/#primaryimage\"},\"image\":{\"@id\":\"https:\\\/\\\/www.screen-experts.de\\\/test-dunkler-footer\\\/#primaryimage\"},\"thumbnailUrl\":\"https:\\\/\\\/www.screen-experts.de\\\/wp-content\\\/uploads\\\/ScreenExperts_Logo_rund.png\",\"datePublished\":\"2023-04-04T09:37:47+00:00\",\"dateModified\":\"2025-02-07T12:14:48+00:00\",\"inLanguage\":\"en-US\",\"potentialAction\":[{\"@type\":\"ReadAction\",\"target\":[\"https:\\\/\\\/www.screen-experts.de\\\/test-dunkler-footer\\\/\"]}]},{\"@type\":\"ImageObject\",\"inLanguage\":\"en-US\",\"@id\":\"https:\\\/\\\/www.screen-experts.de\\\/test-dunkler-footer\\\/#primaryimage\",\"url\":\"https:\\\/\\\/www.screen-experts.de\\\/wp-content\\\/uploads\\\/ScreenExperts_Logo_rund.png\",\"contentUrl\":\"https:\\\/\\\/www.screen-experts.de\\\/wp-content\\\/uploads\\\/ScreenExperts_Logo_rund.png\"},{\"@type\":\"WebSite\",\"@id\":\"https:\\\/\\\/www.screen-experts.de\\\/#website\",\"url\":\"https:\\\/\\\/www.screen-experts.de\\\/\",\"name\":\"Screen Experts\",\"description\":\"LED und LCD Gro\u00dfbildschirme\",\"publisher\":{\"@id\":\"https:\\\/\\\/www.screen-experts.de\\\/#organization\"},\"potentialAction\":[{\"@type\":\"SearchAction\",\"target\":{\"@type\":\"EntryPoint\",\"urlTemplate\":\"https:\\\/\\\/www.screen-experts.de\\\/?s={search_term_string}\"},\"query-input\":{\"@type\":\"PropertyValueSpecification\",\"valueRequired\":true,\"valueName\":\"search_term_string\"}}],\"inLanguage\":\"en-US\"},{\"@type\":\"Organization\",\"@id\":\"https:\\\/\\\/www.screen-experts.de\\\/#organization\",\"name\":\"Screen Experts\",\"url\":\"https:\\\/\\\/www.screen-experts.de\\\/\",\"logo\":{\"@type\":\"ImageObject\",\"inLanguage\":\"en-US\",\"@id\":\"https:\\\/\\\/www.screen-experts.de\\\/#\\\/schema\\\/logo\\\/image\\\/\",\"url\":\"https:\\\/\\\/www.screen-experts.de\\\/wp-content\\\/uploads\\\/screen-experts-website-logo.png\",\"contentUrl\":\"https:\\\/\\\/www.screen-experts.de\\\/wp-content\\\/uploads\\\/screen-experts-website-logo.png\",\"width\":1237,\"height\":435,\"caption\":\"Screen Experts\"},\"image\":{\"@id\":\"https:\\\/\\\/www.screen-experts.de\\\/#\\\/schema\\\/logo\\\/image\\\/\"}}]}<\/script>\n<!-- \/ Yoast SEO plugin. -->","yoast_head_json":{"title":"Screen Experts | Next Generation Premium Screens","robots":{"index":"index","follow":"follow","max-snippet":"max-snippet:-1","max-image-preview":"max-image-preview:large","max-video-preview":"max-video-preview:-1"},"canonical":"https:\/\/www.screen-experts.de\/en\/test-dunkler-footer\/","og_locale":"en_US","og_type":"article","og_title":"Screen Experts | Next Generation Premium Screens","og_description":"Screen expertsBaugenehmigungLED-Screens rechtssicher errichten Begleitung Baugenehmigung Einsch\u00e4tzung der Genehmigungsf\u00e4higkeit Ihres potenziellen Standortes Erstellung der notwendigen Bauantragsunterlagen Begleitung w\u00e4hrend des Bauantragsverfahrens Fr\u00fchzeitige Vermeidung von Hinderungsgr\u00fcnden bei der Baugenehmigung LED-Screens, Schaufenster-LCDs und viele weitere Werbescreens sind nach den einschl\u00e4gigen Landesbauordnungen in der Regel genehmigungspflichtig. Dies gilt auch dann, wenn sie ausschlie\u00dflich zur Eigenwerbung genutzt werden. Insbesondere bei [&hellip;]","og_url":"https:\/\/www.screen-experts.de\/en\/test-dunkler-footer\/","og_site_name":"Screen Experts","article_modified_time":"2025-02-07T12:14:48+00:00","og_image":[{"width":1000,"height":1000,"url":"https:\/\/www.screen-experts.de\/wp-content\/uploads\/ScreenExperts_Logo_rund.png","type":"image\/png"}],"twitter_card":"summary_large_image","twitter_misc":{"Est. reading time":"2 minutes"},"schema":{"@context":"https:\/\/schema.org","@graph":[{"@type":"WebPage","@id":"https:\/\/www.screen-experts.de\/test-dunkler-footer\/","url":"https:\/\/www.screen-experts.de\/test-dunkler-footer\/","name":"Screen Experts | Next Generation Premium Screens","isPartOf":{"@id":"https:\/\/www.screen-experts.de\/#website"},"primaryImageOfPage":{"@id":"https:\/\/www.screen-experts.de\/test-dunkler-footer\/#primaryimage"},"image":{"@id":"https:\/\/www.screen-experts.de\/test-dunkler-footer\/#primaryimage"},"thumbnailUrl":"https:\/\/www.screen-experts.de\/wp-content\/uploads\/ScreenExperts_Logo_rund.png","datePublished":"2023-04-04T09:37:47+00:00","dateModified":"2025-02-07T12:14:48+00:00","inLanguage":"en-US","potentialAction":[{"@type":"ReadAction","target":["https:\/\/www.screen-experts.de\/test-dunkler-footer\/"]}]},{"@type":"ImageObject","inLanguage":"en-US","@id":"https:\/\/www.screen-experts.de\/test-dunkler-footer\/#primaryimage","url":"https:\/\/www.screen-experts.de\/wp-content\/uploads\/ScreenExperts_Logo_rund.png","contentUrl":"https:\/\/www.screen-experts.de\/wp-content\/uploads\/ScreenExperts_Logo_rund.png"},{"@type":"WebSite","@id":"https:\/\/www.screen-experts.de\/#website","url":"https:\/\/www.screen-experts.de\/","name":"Screen Experts","description":"LED und LCD Gro\u00dfbildschirme","publisher":{"@id":"https:\/\/www.screen-experts.de\/#organization"},"potentialAction":[{"@type":"SearchAction","target":{"@type":"EntryPoint","urlTemplate":"https:\/\/www.screen-experts.de\/?s={search_term_string}"},"query-input":{"@type":"PropertyValueSpecification","valueRequired":true,"valueName":"search_term_string"}}],"inLanguage":"en-US"},{"@type":"Organization","@id":"https:\/\/www.screen-experts.de\/#organization","name":"Screen Experts","url":"https:\/\/www.screen-experts.de\/","logo":{"@type":"ImageObject","inLanguage":"en-US","@id":"https:\/\/www.screen-experts.de\/#\/schema\/logo\/image\/","url":"https:\/\/www.screen-experts.de\/wp-content\/uploads\/screen-experts-website-logo.png","contentUrl":"https:\/\/www.screen-experts.de\/wp-content\/uploads\/screen-experts-website-logo.png","width":1237,"height":435,"caption":"Screen Experts"},"image":{"@id":"https:\/\/www.screen-experts.de\/#\/schema\/logo\/image\/"}}]}},"_links":{"self":[{"href":"https:\/\/www.screen-experts.de\/en\/wp-json\/wp\/v2\/pages\/11565","targetHints":{"allow":["GET"]}}],"collection":[{"href":"https:\/\/www.screen-experts.de\/en\/wp-json\/wp\/v2\/pages"}],"about":[{"href":"https:\/\/www.screen-experts.de\/en\/wp-json\/wp\/v2\/types\/page"}],"author":[{"embeddable":true,"href":"https:\/\/www.screen-experts.de\/en\/wp-json\/wp\/v2\/users\/9"}],"replies":[{"embeddable":true,"href":"https:\/\/www.screen-experts.de\/en\/wp-json\/wp\/v2\/comments?post=11565"}],"version-history":[{"count":22,"href":"https:\/\/www.screen-experts.de\/en\/wp-json\/wp\/v2\/pages\/11565\/revisions"}],"predecessor-version":[{"id":14796,"href":"https:\/\/www.screen-experts.de\/en\/wp-json\/wp\/v2\/pages\/11565\/revisions\/14796"}],"wp:attachment":[{"href":"https:\/\/www.screen-experts.de\/en\/wp-json\/wp\/v2\/media?parent=11565"}],"wp:term":[{"taxonomy":"folder","embeddable":true,"href":"https:\/\/www.screen-experts.de\/en\/wp-json\/wp\/v2\/folder?post=11565"}],"curies":[{"name":"wp","href":"https:\/\/api.w.org\/{rel}","templated":true}]}}